{"id":2231,"date":"2022-05-25T09:21:05","date_gmt":"2022-05-25T09:21:05","guid":{"rendered":"https:\/\/karmenn.com\/?page_id=2231"},"modified":"2022-07-13T12:45:21","modified_gmt":"2022-07-13T12:45:21","slug":"aviso-legal","status":"publish","type":"page","link":"https:\/\/wizardly-goodall.5-250-191-207.plesk.page\/pt\/aviso-legal\/","title":{"rendered":"Aviso legal"},"content":{"rendered":"<h1 class=\"wp-block-heading\"><strong>CONDI\u00c7\u00d5ES GERAIS DE ACESSO E UTILIZA\u00c7\u00c3O DO S\u00cdTIO WEB KARMENN.COM<\/strong><\/h1>\n\n\n\n<p>O site www.karmenn.com \u00e9 propriedade da Plastymed Technical Plastic, Sociedad Limitada (doravante, Karmenn), com endere\u00e7o para efeitos de notifica\u00e7\u00e3o em Calle Melilla S\/N, 30500 Murcia, CIF n.\u00ba B05547799, e endere\u00e7o de correio eletr\u00f3nico info@plastymed.com, e fornece informa\u00e7\u00f5es sobre as suas actividades e\/ou servi\u00e7os.<\/p>\n\n\n\n<p>O acesso e a utiliza\u00e7\u00e3o do s\u00edtio Web conferem ao utilizador o estatuto de \"Utilizador\" e implicam a aceita\u00e7\u00e3o plena, expressa e sem reservas das presentes condi\u00e7\u00f5es gerais em vigor no momento do acesso. Caso o utilizador n\u00e3o compreenda integralmente as presentes condi\u00e7\u00f5es de utiliza\u00e7\u00e3o ou n\u00e3o concorde com as mesmas, deve abster-se de utilizar e operar atrav\u00e9s deste s\u00edtio Web. As presentes condi\u00e7\u00f5es gerais regem \u00fanica e exclusivamente a utiliza\u00e7\u00e3o do site Karmenn pelos utilizadores que acedam e\/ou naveguem em www.karmenn.com. Estes termos e condi\u00e7\u00f5es gerais s\u00e3o apresentados em todas e cada uma das p\u00e1ginas do website karmenn.com, para que os utilizadores os possam ler, imprimir e arquivar.<\/p>\n\n\n\n<p><strong>PRIMEIRO - CONDI\u00c7\u00d5ES DE ACESSO E UTILIZA\u00c7\u00c3O.<\/strong><\/p>\n\n\n\n<p>A utiliza\u00e7\u00e3o do site da Karmenn \u00e9 gratuita e n\u00e3o requer o registo pr\u00e9vio do utilizador. Nos casos em que o acesso e\/ou utiliza\u00e7\u00e3o de determinados servi\u00e7os e\/ou conte\u00fados exija o registo ou subscri\u00e7\u00e3o dos utilizadores, ser\u00e1 necess\u00e1rio que estes aceitem previamente a correspondente Pol\u00edtica de Privacidade e as Condi\u00e7\u00f5es Gerais espec\u00edficas, n\u00e3o sendo poss\u00edvel aceder aos mesmos sem essa aceita\u00e7\u00e3o.<\/p>\n\n\n\n<p>As condi\u00e7\u00f5es de acesso e de utiliza\u00e7\u00e3o deste s\u00edtio Web s\u00e3o estritamente regidas pela legisla\u00e7\u00e3o em vigor e pelo princ\u00edpio da boa f\u00e9, comprometendo-se o utilizador a fazer uma boa utiliza\u00e7\u00e3o do s\u00edtio Web. S\u00e3o proibidos todos os actos que violem os direitos ou interesses de terceiros (direito \u00e0 privacidade, prote\u00e7\u00e3o de dados, propriedade intelectual, etc.) ou a legisla\u00e7\u00e3o em vigor.<\/p>\n\n\n\n<p>A Karmenn pro\u00edbe expressamente:&nbsp;<\/p>\n\n\n\n<ul><li>Realizar ac\u00e7\u00f5es que possam causar no site ou atrav\u00e9s dele, por qualquer meio, qualquer tipo de dano aos sistemas da Karmenn ou a terceiros.<\/li><li>Realizar, sem a devida autoriza\u00e7\u00e3o, qualquer tipo de publicidade ou informa\u00e7\u00e3o comercial direta ou dissimulada, o envio de correio em massa (\"spamming\") ou o envio de mensagens de grande dimens\u00e3o com o objetivo de bloquear os servidores de rede (\"mail bombing\").<\/li><\/ul>\n\n\n\n<p>O utilizador compromete-se a n\u00e3o utilizar o s\u00edtio Web, nem os conte\u00fados ou informa\u00e7\u00f5es e\/ou servi\u00e7os nele oferecidos, para realizar actividades contr\u00e1rias \u00e0 lei e a respeitar sempre as presentes condi\u00e7\u00f5es gerais.<\/p>\n\n\n\n<p>A Karmenn pode cancelar o acesso ao seu site a qualquer momento se detetar uma utiliza\u00e7\u00e3o contr\u00e1ria \u00e0 lei, \u00e0 boa f\u00e9 ou aos presentes termos e condi\u00e7\u00f5es gerais.<\/p>\n\n\n\n<p><strong>SEGUNDO - CONTE\u00daDO.<\/strong><\/p>\n\n\n\n<p>Os conte\u00fados inclu\u00eddos neste website foram desenvolvidos e inclu\u00eddos pela Karmenn, recorrendo a fontes internas e externas, pelo que a Karmenn apenas \u00e9 respons\u00e1vel pelos conte\u00fados desenvolvidos internamente.<\/p>\n\n\n\n<p>A Karmenn reserva-se o direito de modificar o conte\u00fado do seu site em qualquer altura. A Karmenn n\u00e3o garante e n\u00e3o \u00e9 respons\u00e1vel pelo bom funcionamento dos links para websites de terceiros em karmenn.com.<\/p>\n\n\n\n<p>Adicionalmente, atrav\u00e9s do site karmenn.com, poder\u00e3o ser disponibilizados aos utilizadores servi\u00e7os gratuitos e\/ou pagos oferecidos por terceiros, os quais ser\u00e3o regidos pelas condi\u00e7\u00f5es particulares de tais servi\u00e7os. A Karmenn n\u00e3o garante, em caso algum, a veracidade, exatid\u00e3o ou atualidade dos conte\u00fados e servi\u00e7os oferecidos por terceiros, ficando expressamente exonerada de qualquer responsabilidade pelos danos que possam advir da falta de exatid\u00e3o desses conte\u00fados e servi\u00e7os.<\/p>\n\n\n\n<p><strong>TERCEIRO - RESPONSABILIDADE.<\/strong><\/p>\n\n\n\n<p>A Karmenn n\u00e3o ser\u00e1, em caso algum, respons\u00e1vel por:&nbsp;<\/p>\n\n\n\n<ul><li>Falhas e incidentes que podem ocorrer nas comunica\u00e7\u00f5es, elimina\u00e7\u00e3o ou transmiss\u00f5es incompletas, pelo que n\u00e3o existe qualquer garantia de que os servi\u00e7os do s\u00edtio Web estejam constantemente operacionais.<\/li><li>Pela produ\u00e7\u00e3o de qualquer tipo de dano que os utilizadores ou terceiros possam causar ao s\u00edtio Web.<\/li><li>Pela fiabilidade e veracidade das informa\u00e7\u00f5es introduzidas por terceiros no s\u00edtio Web, quer diretamente quer atrav\u00e9s de liga\u00e7\u00f5es.<\/li><\/ul>\n\n\n\n<p>A Karmenn reserva-se o direito de suspender o acesso sem aviso pr\u00e9vio, de forma discricion\u00e1ria, permanente ou tempor\u00e1ria, at\u00e9 que seja assegurada a efectiva responsabilidade por quaisquer danos que possam ocorrer.<\/p>\n\n\n\n<p>A Karmenn cooperar\u00e1 e notificar\u00e1 a autoridade competente dos incidentes acima mencionados, logo que tenha conhecimento fi\u00e1vel de que os danos causados constituem qualquer tipo de atividade ilegal.<\/p>\n\n\n\n<p><strong>QUARTO - DIREITOS DE AUTOR E MARCAS REGISTADAS<\/strong><\/p>\n\n\n\n<p>KARMENN DESIGN \u00e9 uma marca registada. \u00c9 proibida a utiliza\u00e7\u00e3o da marca registada KARMENN DESIGN, incluindo o nome e o log\u00f3tipo, por quaisquer meios, por terceiros, sem o consentimento expresso da Karmenn. Todos os direitos reservados.<\/p>\n\n\n\n<p>De igual modo, os conte\u00fados, a programa\u00e7\u00e3o e o design do site karmenn.com est\u00e3o totalmente protegidos por direitos de autor, sendo expressamente proibida qualquer reprodu\u00e7\u00e3o, comunica\u00e7\u00e3o, distribui\u00e7\u00e3o e transforma\u00e7\u00e3o dos referidos elementos protegidos, exceto com o consentimento expresso da Karmenn.<\/p>\n\n\n\n<p>A Karmenn pode recorrer a fontes externas para a elabora\u00e7\u00e3o dos seus conte\u00fados e estabelecer liga\u00e7\u00f5es ou hiperliga\u00e7\u00f5es a artigos ou informa\u00e7\u00f5es de terceiros, citando sempre a fonte. O leg\u00edtimo detentor dos direitos de autor da informa\u00e7\u00e3o assim inclu\u00edda pode, em qualquer altura, solicitar a remo\u00e7\u00e3o desse conte\u00fado.<\/p>\n\n\n\n<p>Os materiais gr\u00e1ficos e escritos enviados pelos utilizadores atrav\u00e9s dos meios disponibilizados no site s\u00e3o propriedade do utilizador que, ao envi\u00e1-los, afirma a sua leg\u00edtima autoria e cede os direitos de reprodu\u00e7\u00e3o e distribui\u00e7\u00e3o \u00e0 Karmenn.<\/p>\n\n\n\n<p><strong>QUINTO - JURISDI\u00c7\u00c3O E LEI APLIC\u00c1VEL<\/strong><\/p>\n\n\n\n<p>As presentes condi\u00e7\u00f5es gerais regem-se pela legisla\u00e7\u00e3o espanhola. Para a resolu\u00e7\u00e3o de qualquer controv\u00e9rsia ou conflito decorrente das presentes condi\u00e7\u00f5es gerais, s\u00e3o competentes os Tribunais de M\u00farcia, renunciando o utilizador expressamente a qualquer outro foro que lhe possa corresponder.<\/p>\n\n\n\n<p><strong>SEXTO - DIVERSOS.<\/strong><\/p>\n\n\n\n<p>Na eventualidade de qualquer disposi\u00e7\u00e3o deste documento ser declarada inv\u00e1lida, as restantes disposi\u00e7\u00f5es manter-se-\u00e3o em vigor e ser\u00e3o interpretadas tendo em conta a vontade das partes e o objetivo destas condi\u00e7\u00f5es. A Karmenn poder\u00e1 n\u00e3o exercer qualquer dos direitos e poderes conferidos no presente documento, o que n\u00e3o implicar\u00e1, em caso algum, a ren\u00fancia aos mesmos, exceto se expressamente reconhecido pela Karmenn.<\/p>","protected":false},"excerpt":{"rendered":"<p>CONDICIONES GENERALES DE ACCESO Y USO DEL SITIO WEB KARMENN.COM El sitio web www.karmenn.com es propiedad de Plastymed Technical Plastic, Sociedad Limitada (en adelante, Karmenn), con domicilio a efectos de notificaciones en Calle Melilla S\/N, 30500 Murcia, CIF n\u00fam. B05547799, y direcci\u00f3n de correo electr\u00f3nico info@plastymed.com, y a trav\u00e9s del mismo se proporciona informaci\u00f3n sobre [&hellip;]<\/p>","protected":false},"author":1,"featured_media":0,"parent":0,"menu_order":0,"comment_status":"closed","ping_status":"closed","template":"","meta":{"footnotes":"","_joinchat":[]},"yoast_head":"<!-- This site is optimized with the Yoast SEO plugin v22.5 - https:\/\/yoast.com\/wordpress\/plugins\/seo\/ -->\n<title>Aviso legal - Karmenn.com<\/title>\n<meta name=\"robots\" content=\"index, follow, max-snippet:-1, max-image-preview:large, max-video-preview:-1\" \/>\n<link rel=\"canonical\" href=\"https:\/\/wizardly-goodall.5-250-191-207.plesk.page\/pt\/aviso-legal\/\" \/>\n<meta property=\"og:locale\" content=\"pt_PT\" \/>\n<meta property=\"og:type\" content=\"article\" \/>\n<meta property=\"og:title\" content=\"Aviso legal - Karmenn.com\" \/>\n<meta property=\"og:description\" content=\"CONDICIONES GENERALES DE ACCESO Y USO DEL SITIO WEB KARMENN.COM El sitio web www.karmenn.com es propiedad de Plastymed Technical Plastic, Sociedad Limitada (en adelante, Karmenn), con domicilio a efectos de notificaciones en Calle Melilla S\/N, 30500 Murcia, CIF n\u00fam. B05547799, y direcci\u00f3n de correo electr\u00f3nico info@plastymed.com, y a trav\u00e9s del mismo se proporciona informaci\u00f3n sobre [&hellip;]\" \/>\n<meta property=\"og:url\" content=\"https:\/\/wizardly-goodall.5-250-191-207.plesk.page\/pt\/aviso-legal\/\" \/>\n<meta property=\"og:site_name\" content=\"Karmenn.com\" \/>\n<meta property=\"article:modified_time\" content=\"2022-07-13T12:45:21+00:00\" \/>\n<meta name=\"twitter:card\" content=\"summary_large_image\" \/>\n<script type=\"application\/ld+json\" class=\"yoast-schema-graph\">{\"@context\":\"https:\/\/schema.org\",\"@graph\":[{\"@type\":\"WebPage\",\"@id\":\"https:\/\/wizardly-goodall.5-250-191-207.plesk.page\/aviso-legal\/\",\"url\":\"https:\/\/wizardly-goodall.5-250-191-207.plesk.page\/aviso-legal\/\",\"name\":\"Aviso legal - Karmenn.com\",\"isPartOf\":{\"@id\":\"https:\/\/wizardly-goodall.5-250-191-207.plesk.page\/#website\"},\"datePublished\":\"2022-05-25T09:21:05+00:00\",\"dateModified\":\"2022-07-13T12:45:21+00:00\",\"breadcrumb\":{\"@id\":\"https:\/\/wizardly-goodall.5-250-191-207.plesk.page\/aviso-legal\/#breadcrumb\"},\"inLanguage\":\"pt-PT\",\"potentialAction\":[{\"@type\":\"ReadAction\",\"target\":[\"https:\/\/wizardly-goodall.5-250-191-207.plesk.page\/aviso-legal\/\"]}]},{\"@type\":\"BreadcrumbList\",\"@id\":\"https:\/\/wizardly-goodall.5-250-191-207.plesk.page\/aviso-legal\/#breadcrumb\",\"itemListElement\":[{\"@type\":\"ListItem\",\"position\":1,\"name\":\"Portada\",\"item\":\"https:\/\/wizardly-goodall.5-250-191-207.plesk.page\/\"},{\"@type\":\"ListItem\",\"position\":2,\"name\":\"Aviso legal\"}]},{\"@type\":\"WebSite\",\"@id\":\"https:\/\/wizardly-goodall.5-250-191-207.plesk.page\/#website\",\"url\":\"https:\/\/wizardly-goodall.5-250-191-207.plesk.page\/\",\"name\":\"Karmenn.com\",\"description\":\"El fabricante de mobiliario y cocinas de exterior en HDPE que te hace la vida m\u00e1s f\u00e1cil\",\"publisher\":{\"@id\":\"https:\/\/wizardly-goodall.5-250-191-207.plesk.page\/#organization\"},\"potentialAction\":[{\"@type\":\"SearchAction\",\"target\":{\"@type\":\"EntryPoint\",\"urlTemplate\":\"https:\/\/wizardly-goodall.5-250-191-207.plesk.page\/?s={search_term_string}\"},\"query-input\":\"required name=search_term_string\"}],\"inLanguage\":\"pt-PT\"},{\"@type\":\"Organization\",\"@id\":\"https:\/\/wizardly-goodall.5-250-191-207.plesk.page\/#organization\",\"name\":\"Karmenn.com\",\"url\":\"https:\/\/wizardly-goodall.5-250-191-207.plesk.page\/\",\"logo\":{\"@type\":\"ImageObject\",\"inLanguage\":\"pt-PT\",\"@id\":\"https:\/\/wizardly-goodall.5-250-191-207.plesk.page\/#\/schema\/logo\/image\/\",\"url\":\"https:\/\/wizardly-goodall.5-250-191-207.plesk.page\/wp-content\/uploads\/2023\/07\/logo_karmenn_negro0.5x.png\",\"contentUrl\":\"https:\/\/wizardly-goodall.5-250-191-207.plesk.page\/wp-content\/uploads\/2023\/07\/logo_karmenn_negro0.5x.png\",\"width\":145,\"height\":83,\"caption\":\"Karmenn.com\"},\"image\":{\"@id\":\"https:\/\/wizardly-goodall.5-250-191-207.plesk.page\/#\/schema\/logo\/image\/\"}}]}<\/script>\n<!-- \/ Yoast SEO plugin. -->","yoast_head_json":{"title":"Aviso legal - Karmenn.com","robots":{"index":"index","follow":"follow","max-snippet":"max-snippet:-1","max-image-preview":"max-image-preview:large","max-video-preview":"max-video-preview:-1"},"canonical":"https:\/\/wizardly-goodall.5-250-191-207.plesk.page\/pt\/aviso-legal\/","og_locale":"pt_PT","og_type":"article","og_title":"Aviso legal - Karmenn.com","og_description":"CONDICIONES GENERALES DE ACCESO Y USO DEL SITIO WEB KARMENN.COM El sitio web www.karmenn.com es propiedad de Plastymed Technical Plastic, Sociedad Limitada (en adelante, Karmenn), con domicilio a efectos de notificaciones en Calle Melilla S\/N, 30500 Murcia, CIF n\u00fam. B05547799, y direcci\u00f3n de correo electr\u00f3nico info@plastymed.com, y a trav\u00e9s del mismo se proporciona informaci\u00f3n sobre [&hellip;]","og_url":"https:\/\/wizardly-goodall.5-250-191-207.plesk.page\/pt\/aviso-legal\/","og_site_name":"Karmenn.com","article_modified_time":"2022-07-13T12:45:21+00:00","twitter_card":"summary_large_image","schema":{"@context":"https:\/\/schema.org","@graph":[{"@type":"WebPage","@id":"https:\/\/wizardly-goodall.5-250-191-207.plesk.page\/aviso-legal\/","url":"https:\/\/wizardly-goodall.5-250-191-207.plesk.page\/aviso-legal\/","name":"Aviso legal - Karmenn.com","isPartOf":{"@id":"https:\/\/wizardly-goodall.5-250-191-207.plesk.page\/#website"},"datePublished":"2022-05-25T09:21:05+00:00","dateModified":"2022-07-13T12:45:21+00:00","breadcrumb":{"@id":"https:\/\/wizardly-goodall.5-250-191-207.plesk.page\/aviso-legal\/#breadcrumb"},"inLanguage":"pt-PT","potentialAction":[{"@type":"ReadAction","target":["https:\/\/wizardly-goodall.5-250-191-207.plesk.page\/aviso-legal\/"]}]},{"@type":"BreadcrumbList","@id":"https:\/\/wizardly-goodall.5-250-191-207.plesk.page\/aviso-legal\/#breadcrumb","itemListElement":[{"@type":"ListItem","position":1,"name":"Portada","item":"https:\/\/wizardly-goodall.5-250-191-207.plesk.page\/"},{"@type":"ListItem","position":2,"name":"Aviso legal"}]},{"@type":"WebSite","@id":"https:\/\/wizardly-goodall.5-250-191-207.plesk.page\/#website","url":"https:\/\/wizardly-goodall.5-250-191-207.plesk.page\/","name":"Karmenn.com","description":"El fabricante de mobiliario y cocinas de exterior en HDPE que te hace la vida m\u00e1s f\u00e1cil","publisher":{"@id":"https:\/\/wizardly-goodall.5-250-191-207.plesk.page\/#organization"},"potentialAction":[{"@type":"SearchAction","target":{"@type":"EntryPoint","urlTemplate":"https:\/\/wizardly-goodall.5-250-191-207.plesk.page\/?s={search_term_string}"},"query-input":"required name=search_term_string"}],"inLanguage":"pt-PT"},{"@type":"Organization","@id":"https:\/\/wizardly-goodall.5-250-191-207.plesk.page\/#organization","name":"Karmenn.com","url":"https:\/\/wizardly-goodall.5-250-191-207.plesk.page\/","logo":{"@type":"ImageObject","inLanguage":"pt-PT","@id":"https:\/\/wizardly-goodall.5-250-191-207.plesk.page\/#\/schema\/logo\/image\/","url":"https:\/\/wizardly-goodall.5-250-191-207.plesk.page\/wp-content\/uploads\/2023\/07\/logo_karmenn_negro0.5x.png","contentUrl":"https:\/\/wizardly-goodall.5-250-191-207.plesk.page\/wp-content\/uploads\/2023\/07\/logo_karmenn_negro0.5x.png","width":145,"height":83,"caption":"Karmenn.com"},"image":{"@id":"https:\/\/wizardly-goodall.5-250-191-207.plesk.page\/#\/schema\/logo\/image\/"}}]}},"jetpack_sharing_enabled":true,"_links":{"self":[{"href":"https:\/\/wizardly-goodall.5-250-191-207.plesk.page\/pt\/wp-json\/wp\/v2\/pages\/2231"}],"collection":[{"href":"https:\/\/wizardly-goodall.5-250-191-207.plesk.page\/pt\/wp-json\/wp\/v2\/pages"}],"about":[{"href":"https:\/\/wizardly-goodall.5-250-191-207.plesk.page\/pt\/wp-json\/wp\/v2\/types\/page"}],"author":[{"embeddable":true,"href":"https:\/\/wizardly-goodall.5-250-191-207.plesk.page\/pt\/wp-json\/wp\/v2\/users\/1"}],"replies":[{"embeddable":true,"href":"https:\/\/wizardly-goodall.5-250-191-207.plesk.page\/pt\/wp-json\/wp\/v2\/comments?post=2231"}],"version-history":[{"count":2,"href":"https:\/\/wizardly-goodall.5-250-191-207.plesk.page\/pt\/wp-json\/wp\/v2\/pages\/2231\/revisions"}],"predecessor-version":[{"id":2233,"href":"https:\/\/wizardly-goodall.5-250-191-207.plesk.page\/pt\/wp-json\/wp\/v2\/pages\/2231\/revisions\/2233"}],"wp:attachment":[{"href":"https:\/\/wizardly-goodall.5-250-191-207.plesk.page\/pt\/wp-json\/wp\/v2\/media?parent=2231"}],"curies":[{"name":"wp","href":"https:\/\/api.w.org\/{rel}","templated":true}]}}