{"id":10141,"date":"2023-08-24T09:36:23","date_gmt":"2023-08-24T09:36:23","guid":{"rendered":"https:\/\/karmenn.com\/?page_id=10141"},"modified":"2023-12-22T10:04:24","modified_gmt":"2023-12-22T10:04:24","slug":"barbacoa-multifuncion-karmenn","status":"publish","type":"page","link":"https:\/\/wizardly-goodall.5-250-191-207.plesk.page\/pt\/churrasqueira-multifuncoes-karmenn-2\/","title":{"rendered":"Churrasqueira multifun\u00e7\u00f5es Karmenn"},"content":{"rendered":"","protected":false},"excerpt":{"rendered":"","protected":false},"author":1,"featured_media":0,"parent":0,"menu_order":0,"comment_status":"closed","ping_status":"closed","template":"","meta":{"footnotes":"","_joinchat":[]},"yoast_head":"<!-- This site is optimized with the Yoast SEO plugin v22.5 - https:\/\/yoast.com\/wordpress\/plugins\/seo\/ -->\n<title>Barbacoa multifunci\u00f3n 7 en 1 - Karmenn<\/title>\n<meta name=\"description\" content=\"Con la Barbacoa multifunci\u00f3n 7 en 1 de Karmenn podr\u00e1s tener tambi\u00e9n parrilla, plancha, piedra, pincho, quemador y horno pizzero. \u00a1C\u00f3mprala ahora!\" \/>\n<meta name=\"robots\" content=\"index, follow, max-snippet:-1, max-image-preview:large, max-video-preview:-1\" \/>\n<link rel=\"canonical\" href=\"https:\/\/wizardly-goodall.5-250-191-207.plesk.page\/pt\/churrasqueira-multifuncoes-karmenn-2\/\" \/>\n<meta property=\"og:locale\" content=\"pt_PT\" \/>\n<meta property=\"og:type\" content=\"article\" \/>\n<meta property=\"og:title\" content=\"Barbacoa multifunci\u00f3n 7 en 1 - Karmenn\" \/>\n<meta property=\"og:description\" content=\"Con la Barbacoa multifunci\u00f3n 7 en 1 de Karmenn podr\u00e1s tener tambi\u00e9n parrilla, plancha, piedra, pincho, quemador y horno pizzero. \u00a1C\u00f3mprala ahora!\" \/>\n<meta property=\"og:url\" content=\"https:\/\/wizardly-goodall.5-250-191-207.plesk.page\/pt\/churrasqueira-multifuncoes-karmenn-2\/\" \/>\n<meta property=\"og:site_name\" content=\"Karmenn.com\" \/>\n<meta property=\"article:modified_time\" content=\"2023-12-22T10:04:24+00:00\" \/>\n<meta name=\"twitter:card\" content=\"summary_large_image\" \/>\n<meta name=\"twitter:label1\" content=\"Tempo estimado de leitura\" \/>\n\t<meta name=\"twitter:data1\" content=\"5 minutos\" \/>\n<script type=\"application\/ld+json\" class=\"yoast-schema-graph\">{\"@context\":\"https:\/\/schema.org\",\"@graph\":[{\"@type\":\"WebPage\",\"@id\":\"https:\/\/wizardly-goodall.5-250-191-207.plesk.page\/barbacoa-multifuncion-karmenn\/\",\"url\":\"https:\/\/wizardly-goodall.5-250-191-207.plesk.page\/barbacoa-multifuncion-karmenn\/\",\"name\":\"Barbacoa multifunci\u00f3n 7 en 1 - Karmenn\",\"isPartOf\":{\"@id\":\"https:\/\/wizardly-goodall.5-250-191-207.plesk.page\/#website\"},\"datePublished\":\"2023-08-24T09:36:23+00:00\",\"dateModified\":\"2023-12-22T10:04:24+00:00\",\"description\":\"Con la Barbacoa multifunci\u00f3n 7 en 1 de Karmenn podr\u00e1s tener tambi\u00e9n parrilla, plancha, piedra, pincho, quemador y horno pizzero. \u00a1C\u00f3mprala ahora!\",\"breadcrumb\":{\"@id\":\"https:\/\/wizardly-goodall.5-250-191-207.plesk.page\/barbacoa-multifuncion-karmenn\/#breadcrumb\"},\"inLanguage\":\"pt-PT\",\"potentialAction\":[{\"@type\":\"ReadAction\",\"target\":[\"https:\/\/wizardly-goodall.5-250-191-207.plesk.page\/barbacoa-multifuncion-karmenn\/\"]}]},{\"@type\":\"BreadcrumbList\",\"@id\":\"https:\/\/wizardly-goodall.5-250-191-207.plesk.page\/barbacoa-multifuncion-karmenn\/#breadcrumb\",\"itemListElement\":[{\"@type\":\"ListItem\",\"position\":1,\"name\":\"Portada\",\"item\":\"https:\/\/wizardly-goodall.5-250-191-207.plesk.page\/\"},{\"@type\":\"ListItem\",\"position\":2,\"name\":\"Barbacoa Multifunci\u00f3n Karmenn\"}]},{\"@type\":\"WebSite\",\"@id\":\"https:\/\/wizardly-goodall.5-250-191-207.plesk.page\/#website\",\"url\":\"https:\/\/wizardly-goodall.5-250-191-207.plesk.page\/\",\"name\":\"Karmenn.com\",\"description\":\"El fabricante de mobiliario y cocinas de exterior en HDPE que te hace la vida m\u00e1s f\u00e1cil\",\"publisher\":{\"@id\":\"https:\/\/wizardly-goodall.5-250-191-207.plesk.page\/#organization\"},\"potentialAction\":[{\"@type\":\"SearchAction\",\"target\":{\"@type\":\"EntryPoint\",\"urlTemplate\":\"https:\/\/wizardly-goodall.5-250-191-207.plesk.page\/?s={search_term_string}\"},\"query-input\":\"required name=search_term_string\"}],\"inLanguage\":\"pt-PT\"},{\"@type\":\"Organization\",\"@id\":\"https:\/\/wizardly-goodall.5-250-191-207.plesk.page\/#organization\",\"name\":\"Karmenn.com\",\"url\":\"https:\/\/wizardly-goodall.5-250-191-207.plesk.page\/\",\"logo\":{\"@type\":\"ImageObject\",\"inLanguage\":\"pt-PT\",\"@id\":\"https:\/\/wizardly-goodall.5-250-191-207.plesk.page\/#\/schema\/logo\/image\/\",\"url\":\"https:\/\/wizardly-goodall.5-250-191-207.plesk.page\/wp-content\/uploads\/2023\/07\/logo_karmenn_negro0.5x.png\",\"contentUrl\":\"https:\/\/wizardly-goodall.5-250-191-207.plesk.page\/wp-content\/uploads\/2023\/07\/logo_karmenn_negro0.5x.png\",\"width\":145,\"height\":83,\"caption\":\"Karmenn.com\"},\"image\":{\"@id\":\"https:\/\/wizardly-goodall.5-250-191-207.plesk.page\/#\/schema\/logo\/image\/\"}}]}<\/script>\n<!-- \/ Yoast SEO plugin. -->","yoast_head_json":{"title":"Barbacoa multifunci\u00f3n 7 en 1 - Karmenn","description":"Con la Barbacoa multifunci\u00f3n 7 en 1 de Karmenn podr\u00e1s tener tambi\u00e9n parrilla, plancha, piedra, pincho, quemador y horno pizzero. \u00a1C\u00f3mprala ahora!","robots":{"index":"index","follow":"follow","max-snippet":"max-snippet:-1","max-image-preview":"max-image-preview:large","max-video-preview":"max-video-preview:-1"},"canonical":"https:\/\/wizardly-goodall.5-250-191-207.plesk.page\/pt\/churrasqueira-multifuncoes-karmenn-2\/","og_locale":"pt_PT","og_type":"article","og_title":"Barbacoa multifunci\u00f3n 7 en 1 - Karmenn","og_description":"Con la Barbacoa multifunci\u00f3n 7 en 1 de Karmenn podr\u00e1s tener tambi\u00e9n parrilla, plancha, piedra, pincho, quemador y horno pizzero. \u00a1C\u00f3mprala ahora!","og_url":"https:\/\/wizardly-goodall.5-250-191-207.plesk.page\/pt\/churrasqueira-multifuncoes-karmenn-2\/","og_site_name":"Karmenn.com","article_modified_time":"2023-12-22T10:04:24+00:00","twitter_card":"summary_large_image","twitter_misc":{"Tempo estimado de leitura":"5 minutos"},"schema":{"@context":"https:\/\/schema.org","@graph":[{"@type":"WebPage","@id":"https:\/\/wizardly-goodall.5-250-191-207.plesk.page\/barbacoa-multifuncion-karmenn\/","url":"https:\/\/wizardly-goodall.5-250-191-207.plesk.page\/barbacoa-multifuncion-karmenn\/","name":"Barbacoa multifunci\u00f3n 7 en 1 - Karmenn","isPartOf":{"@id":"https:\/\/wizardly-goodall.5-250-191-207.plesk.page\/#website"},"datePublished":"2023-08-24T09:36:23+00:00","dateModified":"2023-12-22T10:04:24+00:00","description":"Con la Barbacoa multifunci\u00f3n 7 en 1 de Karmenn podr\u00e1s tener tambi\u00e9n parrilla, plancha, piedra, pincho, quemador y horno pizzero. \u00a1C\u00f3mprala ahora!","breadcrumb":{"@id":"https:\/\/wizardly-goodall.5-250-191-207.plesk.page\/barbacoa-multifuncion-karmenn\/#breadcrumb"},"inLanguage":"pt-PT","potentialAction":[{"@type":"ReadAction","target":["https:\/\/wizardly-goodall.5-250-191-207.plesk.page\/barbacoa-multifuncion-karmenn\/"]}]},{"@type":"BreadcrumbList","@id":"https:\/\/wizardly-goodall.5-250-191-207.plesk.page\/barbacoa-multifuncion-karmenn\/#breadcrumb","itemListElement":[{"@type":"ListItem","position":1,"name":"Portada","item":"https:\/\/wizardly-goodall.5-250-191-207.plesk.page\/"},{"@type":"ListItem","position":2,"name":"Barbacoa Multifunci\u00f3n Karmenn"}]},{"@type":"WebSite","@id":"https:\/\/wizardly-goodall.5-250-191-207.plesk.page\/#website","url":"https:\/\/wizardly-goodall.5-250-191-207.plesk.page\/","name":"Karmenn.com","description":"El fabricante de mobiliario y cocinas de exterior en HDPE que te hace la vida m\u00e1s f\u00e1cil","publisher":{"@id":"https:\/\/wizardly-goodall.5-250-191-207.plesk.page\/#organization"},"potentialAction":[{"@type":"SearchAction","target":{"@type":"EntryPoint","urlTemplate":"https:\/\/wizardly-goodall.5-250-191-207.plesk.page\/?s={search_term_string}"},"query-input":"required name=search_term_string"}],"inLanguage":"pt-PT"},{"@type":"Organization","@id":"https:\/\/wizardly-goodall.5-250-191-207.plesk.page\/#organization","name":"Karmenn.com","url":"https:\/\/wizardly-goodall.5-250-191-207.plesk.page\/","logo":{"@type":"ImageObject","inLanguage":"pt-PT","@id":"https:\/\/wizardly-goodall.5-250-191-207.plesk.page\/#\/schema\/logo\/image\/","url":"https:\/\/wizardly-goodall.5-250-191-207.plesk.page\/wp-content\/uploads\/2023\/07\/logo_karmenn_negro0.5x.png","contentUrl":"https:\/\/wizardly-goodall.5-250-191-207.plesk.page\/wp-content\/uploads\/2023\/07\/logo_karmenn_negro0.5x.png","width":145,"height":83,"caption":"Karmenn.com"},"image":{"@id":"https:\/\/wizardly-goodall.5-250-191-207.plesk.page\/#\/schema\/logo\/image\/"}}]}},"jetpack_sharing_enabled":true,"_links":{"self":[{"href":"https:\/\/wizardly-goodall.5-250-191-207.plesk.page\/pt\/wp-json\/wp\/v2\/pages\/10141"}],"collection":[{"href":"https:\/\/wizardly-goodall.5-250-191-207.plesk.page\/pt\/wp-json\/wp\/v2\/pages"}],"about":[{"href":"https:\/\/wizardly-goodall.5-250-191-207.plesk.page\/pt\/wp-json\/wp\/v2\/types\/page"}],"author":[{"embeddable":true,"href":"https:\/\/wizardly-goodall.5-250-191-207.plesk.page\/pt\/wp-json\/wp\/v2\/users\/1"}],"replies":[{"embeddable":true,"href":"https:\/\/wizardly-goodall.5-250-191-207.plesk.page\/pt\/wp-json\/wp\/v2\/comments?post=10141"}],"version-history":[{"count":1,"href":"https:\/\/wizardly-goodall.5-250-191-207.plesk.page\/pt\/wp-json\/wp\/v2\/pages\/10141\/revisions"}],"predecessor-version":[{"id":10142,"href":"https:\/\/wizardly-goodall.5-250-191-207.plesk.page\/pt\/wp-json\/wp\/v2\/pages\/10141\/revisions\/10142"}],"wp:attachment":[{"href":"https:\/\/wizardly-goodall.5-250-191-207.plesk.page\/pt\/wp-json\/wp\/v2\/media?parent=10141"}],"curies":[{"name":"wp","href":"https:\/\/api.w.org\/{rel}","templated":true}]}}