{"id":5747,"date":"2022-06-07T11:46:03","date_gmt":"2022-06-07T11:46:03","guid":{"rendered":"https:\/\/karmenn.com\/?post_type=product&#038;p=5747"},"modified":"2023-07-05T11:25:05","modified_gmt":"2023-07-05T11:25:05","slug":"cocina-exterior-hdpe-254cm-k08","status":"publish","type":"product","link":"https:\/\/wizardly-goodall.5-250-191-207.plesk.page\/nl\/tienda\/buitenkeuken-hdpe-254cm-k08\/","title":{"rendered":"HDPE Buitenkeuken met Barbecue, Brander en Spoelbak 254cm K08"},"content":{"rendered":"<p>Buitenkeuken HDPE 254 K08 met barbecue, brander en spoelbak (exclusief kraan)<\/p>","protected":false},"excerpt":{"rendered":"<p>Karmenn buitenkeuken van HDPE met maar liefst 20 jaar garantie* bestaande uit een module met 3 lades, gevolgd door een module met een Karmenn Classic barbecue met twee deuren zonder binnenplank, gevolgd door een module voor gasfles, een basismodule met 1 Karmenn Classic brander en een basismodule met spoelbak en rvs kraan. Inclusief een Classic barbecue van 304 roestvrij staal met 4 branders van 3,7KW vermogen, een Karmenn Classic brander met 1 brander van 3,5Kw en een spoelbak van wit hars en een RVS kraan. Structuur en fronten gemaakt van HDPE met HPL werkblad. Dankzij het modulaire systeem van Karmenn wordt de keuken voorgemonteerd geleverd en hoef je alleen de modules aan elkaar te schroeven en het werkblad te lijmen als de modules gemonteerd zijn.<\/p>","protected":false},"featured_media":5113,"template":"","meta":{"_joinchat":[]},"product_cat":[99],"product_tag":[147,144,143,148],"yoast_head":"<!-- This site is optimized with the Yoast SEO plugin v22.5 - https:\/\/yoast.com\/wordpress\/plugins\/seo\/ -->\n<title>Cocina Exterior HDPE con Barbacoa, Quemador y Fregadero 254cm K08 - Karmenn.com<\/title>\n<meta name=\"robots\" content=\"index, follow, max-snippet:-1, max-image-preview:large, max-video-preview:-1\" \/>\n<link rel=\"canonical\" href=\"https:\/\/wizardly-goodall.5-250-191-207.plesk.page\/nl\/tienda\/buitenkeuken-hdpe-254cm-k08\/\" \/>\n<meta property=\"og:locale\" content=\"nl_NL\" \/>\n<meta property=\"og:type\" content=\"article\" \/>\n<meta property=\"og:title\" content=\"Cocina Exterior HDPE con Barbacoa, Quemador y Fregadero 254cm K08 - Karmenn.com\" \/>\n<meta property=\"og:description\" content=\"Cocina de exterior Karmenn fabricada en HDPE con hasta 20 a\u00f1os de garant\u00eda* compuesta por m\u00f3dulo con 3 cajones, seguido de un m\u00f3dulo con barbacoa Karmenn Classic con dos puertas sin estante interior, seguido de un m\u00f3dulo para bombona de gas, un m\u00f3dulo base con 1 quemador Karmenn Classic y un m\u00f3dulo base con fregadero y grifo inox. Incluye una barbacoa Classic fabricada en acero inoxidable 304 con 4 quemadores de 3.7KW de potencia, un quemador Karmenn Classic con 1 fuego de 3.5Kw y un lavabo de resina blanco y un grifo de acero inoxidable.. Estructura y frentes fabricados en HDPE con encimera de HPL. Gracias al sistema modular de Karmenn la cocina viene premontada y solo hay que atornillar los m\u00f3dulos entre si y pegar la encimera una vez los m\u00f3dulos queden montados.\" \/>\n<meta property=\"og:url\" content=\"https:\/\/wizardly-goodall.5-250-191-207.plesk.page\/nl\/tienda\/buitenkeuken-hdpe-254cm-k08\/\" \/>\n<meta property=\"og:site_name\" content=\"Karmenn.com\" \/>\n<meta property=\"article:modified_time\" content=\"2023-07-05T11:25:05+00:00\" \/>\n<meta property=\"og:image\" content=\"https:\/\/wizardly-goodall.5-250-191-207.plesk.page\/wp-content\/uploads\/2022\/06\/GO-C8.jpg\" \/>\n\t<meta property=\"og:image:width\" content=\"1600\" \/>\n\t<meta property=\"og:image:height\" content=\"899\" \/>\n\t<meta property=\"og:image:type\" content=\"image\/jpeg\" \/>\n<meta name=\"twitter:card\" content=\"summary_large_image\" \/>\n<script type=\"application\/ld+json\" class=\"yoast-schema-graph\">{\"@context\":\"https:\/\/schema.org\",\"@graph\":[{\"@type\":\"WebPage\",\"@id\":\"https:\/\/wizardly-goodall.5-250-191-207.plesk.page\/tienda\/cocina-exterior-hdpe-254cm-k08\/\",\"url\":\"https:\/\/wizardly-goodall.5-250-191-207.plesk.page\/tienda\/cocina-exterior-hdpe-254cm-k08\/\",\"name\":\"Cocina Exterior HDPE con Barbacoa, Quemador y Fregadero 254cm K08 - Karmenn.com\",\"isPartOf\":{\"@id\":\"https:\/\/wizardly-goodall.5-250-191-207.plesk.page\/#website\"},\"primaryImageOfPage\":{\"@id\":\"https:\/\/wizardly-goodall.5-250-191-207.plesk.page\/tienda\/cocina-exterior-hdpe-254cm-k08\/#primaryimage\"},\"image\":{\"@id\":\"https:\/\/wizardly-goodall.5-250-191-207.plesk.page\/tienda\/cocina-exterior-hdpe-254cm-k08\/#primaryimage\"},\"thumbnailUrl\":\"https:\/\/wizardly-goodall.5-250-191-207.plesk.page\/wp-content\/uploads\/2022\/06\/GO-C8.jpg\",\"datePublished\":\"2022-06-07T11:46:03+00:00\",\"dateModified\":\"2023-07-05T11:25:05+00:00\",\"breadcrumb\":{\"@id\":\"https:\/\/wizardly-goodall.5-250-191-207.plesk.page\/tienda\/cocina-exterior-hdpe-254cm-k08\/#breadcrumb\"},\"inLanguage\":\"nl-NL\",\"potentialAction\":[{\"@type\":\"ReadAction\",\"target\":[\"https:\/\/wizardly-goodall.5-250-191-207.plesk.page\/tienda\/cocina-exterior-hdpe-254cm-k08\/\"]}]},{\"@type\":\"ImageObject\",\"inLanguage\":\"nl-NL\",\"@id\":\"https:\/\/wizardly-goodall.5-250-191-207.plesk.page\/tienda\/cocina-exterior-hdpe-254cm-k08\/#primaryimage\",\"url\":\"https:\/\/wizardly-goodall.5-250-191-207.plesk.page\/wp-content\/uploads\/2022\/06\/GO-C8.jpg\",\"contentUrl\":\"https:\/\/wizardly-goodall.5-250-191-207.plesk.page\/wp-content\/uploads\/2022\/06\/GO-C8.jpg\",\"width\":1600,\"height\":899},{\"@type\":\"BreadcrumbList\",\"@id\":\"https:\/\/wizardly-goodall.5-250-191-207.plesk.page\/tienda\/cocina-exterior-hdpe-254cm-k08\/#breadcrumb\",\"itemListElement\":[{\"@type\":\"ListItem\",\"position\":1,\"name\":\"Portada\",\"item\":\"https:\/\/wizardly-goodall.5-250-191-207.plesk.page\/\"},{\"@type\":\"ListItem\",\"position\":2,\"name\":\"Tienda\",\"item\":\"https:\/\/wizardly-goodall.5-250-191-207.plesk.page\/tienda\/\"},{\"@type\":\"ListItem\",\"position\":3,\"name\":\"Cocina Exterior HDPE con Barbacoa, Quemador y Fregadero 254cm K08\"}]},{\"@type\":\"WebSite\",\"@id\":\"https:\/\/wizardly-goodall.5-250-191-207.plesk.page\/#website\",\"url\":\"https:\/\/wizardly-goodall.5-250-191-207.plesk.page\/\",\"name\":\"Karmenn.com\",\"description\":\"El fabricante de mobiliario y cocinas de exterior en HDPE que te hace la vida m\u00e1s f\u00e1cil\",\"publisher\":{\"@id\":\"https:\/\/wizardly-goodall.5-250-191-207.plesk.page\/#organization\"},\"potentialAction\":[{\"@type\":\"SearchAction\",\"target\":{\"@type\":\"EntryPoint\",\"urlTemplate\":\"https:\/\/wizardly-goodall.5-250-191-207.plesk.page\/?s={search_term_string}\"},\"query-input\":\"required name=search_term_string\"}],\"inLanguage\":\"nl-NL\"},{\"@type\":\"Organization\",\"@id\":\"https:\/\/wizardly-goodall.5-250-191-207.plesk.page\/#organization\",\"name\":\"Karmenn.com\",\"url\":\"https:\/\/wizardly-goodall.5-250-191-207.plesk.page\/\",\"logo\":{\"@type\":\"ImageObject\",\"inLanguage\":\"nl-NL\",\"@id\":\"https:\/\/wizardly-goodall.5-250-191-207.plesk.page\/#\/schema\/logo\/image\/\",\"url\":\"https:\/\/wizardly-goodall.5-250-191-207.plesk.page\/wp-content\/uploads\/2023\/07\/logo_karmenn_negro0.5x.png\",\"contentUrl\":\"https:\/\/wizardly-goodall.5-250-191-207.plesk.page\/wp-content\/uploads\/2023\/07\/logo_karmenn_negro0.5x.png\",\"width\":145,\"height\":83,\"caption\":\"Karmenn.com\"},\"image\":{\"@id\":\"https:\/\/wizardly-goodall.5-250-191-207.plesk.page\/#\/schema\/logo\/image\/\"}}]}<\/script>\n<!-- \/ Yoast SEO plugin. -->","yoast_head_json":{"title":"Cocina Exterior HDPE con Barbacoa, Quemador y Fregadero 254cm K08 - Karmenn.com","robots":{"index":"index","follow":"follow","max-snippet":"max-snippet:-1","max-image-preview":"max-image-preview:large","max-video-preview":"max-video-preview:-1"},"canonical":"https:\/\/wizardly-goodall.5-250-191-207.plesk.page\/nl\/tienda\/buitenkeuken-hdpe-254cm-k08\/","og_locale":"nl_NL","og_type":"article","og_title":"Cocina Exterior HDPE con Barbacoa, Quemador y Fregadero 254cm K08 - Karmenn.com","og_description":"Cocina de exterior Karmenn fabricada en HDPE con hasta 20 a\u00f1os de garant\u00eda* compuesta por m\u00f3dulo con 3 cajones, seguido de un m\u00f3dulo con barbacoa Karmenn Classic con dos puertas sin estante interior, seguido de un m\u00f3dulo para bombona de gas, un m\u00f3dulo base con 1 quemador Karmenn Classic y un m\u00f3dulo base con fregadero y grifo inox. Incluye una barbacoa Classic fabricada en acero inoxidable 304 con 4 quemadores de 3.7KW de potencia, un quemador Karmenn Classic con 1 fuego de 3.5Kw y un lavabo de resina blanco y un grifo de acero inoxidable.. Estructura y frentes fabricados en HDPE con encimera de HPL. Gracias al sistema modular de Karmenn la cocina viene premontada y solo hay que atornillar los m\u00f3dulos entre si y pegar la encimera una vez los m\u00f3dulos queden montados.","og_url":"https:\/\/wizardly-goodall.5-250-191-207.plesk.page\/nl\/tienda\/buitenkeuken-hdpe-254cm-k08\/","og_site_name":"Karmenn.com","article_modified_time":"2023-07-05T11:25:05+00:00","og_image":[{"width":1600,"height":899,"url":"https:\/\/wizardly-goodall.5-250-191-207.plesk.page\/wp-content\/uploads\/2022\/06\/GO-C8.jpg","type":"image\/jpeg"}],"twitter_card":"summary_large_image","schema":{"@context":"https:\/\/schema.org","@graph":[{"@type":"WebPage","@id":"https:\/\/wizardly-goodall.5-250-191-207.plesk.page\/tienda\/cocina-exterior-hdpe-254cm-k08\/","url":"https:\/\/wizardly-goodall.5-250-191-207.plesk.page\/tienda\/cocina-exterior-hdpe-254cm-k08\/","name":"Cocina Exterior HDPE con Barbacoa, Quemador y Fregadero 254cm K08 - Karmenn.com","isPartOf":{"@id":"https:\/\/wizardly-goodall.5-250-191-207.plesk.page\/#website"},"primaryImageOfPage":{"@id":"https:\/\/wizardly-goodall.5-250-191-207.plesk.page\/tienda\/cocina-exterior-hdpe-254cm-k08\/#primaryimage"},"image":{"@id":"https:\/\/wizardly-goodall.5-250-191-207.plesk.page\/tienda\/cocina-exterior-hdpe-254cm-k08\/#primaryimage"},"thumbnailUrl":"https:\/\/wizardly-goodall.5-250-191-207.plesk.page\/wp-content\/uploads\/2022\/06\/GO-C8.jpg","datePublished":"2022-06-07T11:46:03+00:00","dateModified":"2023-07-05T11:25:05+00:00","breadcrumb":{"@id":"https:\/\/wizardly-goodall.5-250-191-207.plesk.page\/tienda\/cocina-exterior-hdpe-254cm-k08\/#breadcrumb"},"inLanguage":"nl-NL","potentialAction":[{"@type":"ReadAction","target":["https:\/\/wizardly-goodall.5-250-191-207.plesk.page\/tienda\/cocina-exterior-hdpe-254cm-k08\/"]}]},{"@type":"ImageObject","inLanguage":"nl-NL","@id":"https:\/\/wizardly-goodall.5-250-191-207.plesk.page\/tienda\/cocina-exterior-hdpe-254cm-k08\/#primaryimage","url":"https:\/\/wizardly-goodall.5-250-191-207.plesk.page\/wp-content\/uploads\/2022\/06\/GO-C8.jpg","contentUrl":"https:\/\/wizardly-goodall.5-250-191-207.plesk.page\/wp-content\/uploads\/2022\/06\/GO-C8.jpg","width":1600,"height":899},{"@type":"BreadcrumbList","@id":"https:\/\/wizardly-goodall.5-250-191-207.plesk.page\/tienda\/cocina-exterior-hdpe-254cm-k08\/#breadcrumb","itemListElement":[{"@type":"ListItem","position":1,"name":"Portada","item":"https:\/\/wizardly-goodall.5-250-191-207.plesk.page\/"},{"@type":"ListItem","position":2,"name":"Tienda","item":"https:\/\/wizardly-goodall.5-250-191-207.plesk.page\/tienda\/"},{"@type":"ListItem","position":3,"name":"Cocina Exterior HDPE con Barbacoa, Quemador y Fregadero 254cm K08"}]},{"@type":"WebSite","@id":"https:\/\/wizardly-goodall.5-250-191-207.plesk.page\/#website","url":"https:\/\/wizardly-goodall.5-250-191-207.plesk.page\/","name":"Karmenn.com","description":"El fabricante de mobiliario y cocinas de exterior en HDPE que te hace la vida m\u00e1s f\u00e1cil","publisher":{"@id":"https:\/\/wizardly-goodall.5-250-191-207.plesk.page\/#organization"},"potentialAction":[{"@type":"SearchAction","target":{"@type":"EntryPoint","urlTemplate":"https:\/\/wizardly-goodall.5-250-191-207.plesk.page\/?s={search_term_string}"},"query-input":"required name=search_term_string"}],"inLanguage":"nl-NL"},{"@type":"Organization","@id":"https:\/\/wizardly-goodall.5-250-191-207.plesk.page\/#organization","name":"Karmenn.com","url":"https:\/\/wizardly-goodall.5-250-191-207.plesk.page\/","logo":{"@type":"ImageObject","inLanguage":"nl-NL","@id":"https:\/\/wizardly-goodall.5-250-191-207.plesk.page\/#\/schema\/logo\/image\/","url":"https:\/\/wizardly-goodall.5-250-191-207.plesk.page\/wp-content\/uploads\/2023\/07\/logo_karmenn_negro0.5x.png","contentUrl":"https:\/\/wizardly-goodall.5-250-191-207.plesk.page\/wp-content\/uploads\/2023\/07\/logo_karmenn_negro0.5x.png","width":145,"height":83,"caption":"Karmenn.com"},"image":{"@id":"https:\/\/wizardly-goodall.5-250-191-207.plesk.page\/#\/schema\/logo\/image\/"}}]}},"jetpack_sharing_enabled":true,"_links":{"self":[{"href":"https:\/\/wizardly-goodall.5-250-191-207.plesk.page\/nl\/wp-json\/wp\/v2\/product\/5747"}],"collection":[{"href":"https:\/\/wizardly-goodall.5-250-191-207.plesk.page\/nl\/wp-json\/wp\/v2\/product"}],"about":[{"href":"https:\/\/wizardly-goodall.5-250-191-207.plesk.page\/nl\/wp-json\/wp\/v2\/types\/product"}],"wp:featuredmedia":[{"embeddable":true,"href":"https:\/\/wizardly-goodall.5-250-191-207.plesk.page\/nl\/wp-json\/wp\/v2\/media\/5113"}],"wp:attachment":[{"href":"https:\/\/wizardly-goodall.5-250-191-207.plesk.page\/nl\/wp-json\/wp\/v2\/media?parent=5747"}],"wp:term":[{"taxonomy":"product_cat","embeddable":true,"href":"https:\/\/wizardly-goodall.5-250-191-207.plesk.page\/nl\/wp-json\/wp\/v2\/product_cat?post=5747"},{"taxonomy":"product_tag","embeddable":true,"href":"https:\/\/wizardly-goodall.5-250-191-207.plesk.page\/nl\/wp-json\/wp\/v2\/product_tag?post=5747"}],"curies":[{"name":"wp","href":"https:\/\/api.w.org\/{rel}","templated":true}]}}