{"id":2231,"date":"2022-05-25T09:21:05","date_gmt":"2022-05-25T09:21:05","guid":{"rendered":"https:\/\/karmenn.com\/?page_id=2231"},"modified":"2022-07-13T12:45:21","modified_gmt":"2022-07-13T12:45:21","slug":"aviso-legal","status":"publish","type":"page","link":"https:\/\/wizardly-goodall.5-250-191-207.plesk.page\/it\/avviso-legale\/","title":{"rendered":"Avviso legale"},"content":{"rendered":"<h1 class=\"wp-block-heading\"><strong>CONDIZIONI GENERALI DI ACCESSO E DI UTILIZZO DEL SITO WEB KARMENN.COM<\/strong><\/h1>\n\n\n\n<p>Il sito web www.karmenn.com \u00e8 di propriet\u00e0 di Plastymed Technical Plastic, Sociedad Limitada (di seguito, Karmenn), con indirizzo ai fini della notifica in Calle Melilla S\/N, 30500 Murcia, CIF n. B05547799, e indirizzo e-mail info@plastymed.com, e fornisce informazioni sulle sue attivit\u00e0 e\/o servizi.<\/p>\n\n\n\n<p>L'accesso e l'utilizzo del sito web conferisce all'utente lo status di \"Utente\" e implica l'accettazione integrale, espressa e senza riserve delle presenti condizioni generali in vigore al momento dell'accesso. Se l'utente non comprende appieno le presenti condizioni d'uso o non le accetta, deve astenersi dall'utilizzare e dall'operare attraverso questo sito web. Le presenti condizioni generali regolano solo ed esclusivamente l'utilizzo del sito web Karmenn da parte degli utenti che accedono e\/o navigano su www.karmenn.com. I presenti termini e condizioni generali sono visualizzati su ogni pagina del sito web karmenn.com, in modo che gli utenti possano leggerli, stamparli e archiviarli.<\/p>\n\n\n\n<p><strong>PRIMO.- CONDIZIONI DI ACCESSO E DI UTILIZZO.<\/strong><\/p>\n\n\n\n<p>L'utilizzo del sito web di Karmenn \u00e8 gratuito e non richiede la preventiva registrazione dell'utente. Nei casi in cui l'accesso e\/o l'utilizzo di determinati servizi e\/o contenuti richieda la registrazione o l'abbonamento degli utenti, sar\u00e0 necessario che questi ultimi accettino preventivamente la corrispondente Informativa sulla Privacy e le specifiche Condizioni Generali, non essendo possibile accedervi senza tale accettazione.<\/p>\n\n\n\n<p>Le condizioni di accesso e di utilizzo di questo sito web sono rigorosamente disciplinate dalla legislazione vigente e dal principio di buona fede e l'utente si impegna a fare buon uso del sito. Sono vietati tutti gli atti che violano i diritti o gli interessi di terzi (diritto alla privacy, protezione dei dati, propriet\u00e0 intellettuale, ecc.) o la legislazione vigente.<\/p>\n\n\n\n<p>Karmenn vieta espressamente:&nbsp;<\/p>\n\n\n\n<ul><li>Eseguire azioni che possano causare qualsiasi tipo di danno ai sistemi di Karmenn o a terzi sul sito web o attraverso di esso, con qualsiasi mezzo.<\/li><li>Effettuare senza la dovuta autorizzazione qualsiasi tipo di pubblicit\u00e0 o informazione commerciale diretta o occulta, l'invio di mailing di massa (\"spamming\") o l'invio di messaggi di grandi dimensioni con lo scopo di bloccare i server di rete (\"mail bombing\").<\/li><\/ul>\n\n\n\n<p>L'utente si impegna a non utilizzare il sito, n\u00e9 i contenuti o le informazioni e\/o i servizi in esso offerti, per svolgere attivit\u00e0 contrarie alla legge e a rispettare in ogni momento le presenti condizioni generali.<\/p>\n\n\n\n<p>Karmenn pu\u00f2 interrompere l'accesso al proprio sito web in qualsiasi momento se rileva un utilizzo contrario alla legge, alla buona fede o alle presenti condizioni generali.<\/p>\n\n\n\n<p><strong>SECONDO.- CONTENUTO.<\/strong><\/p>\n\n\n\n<p>I contenuti inclusi in questo sito web sono stati sviluppati e inseriti da Karmenn, utilizzando fonti interne ed esterne, per cui Karmenn \u00e8 responsabile solo dei contenuti sviluppati internamente.<\/p>\n\n\n\n<p>Karmenn si riserva il diritto di modificare i contenuti del proprio sito web in qualsiasi momento. Karmenn non garantisce e non \u00e8 responsabile del corretto funzionamento dei link a siti web di terzi presenti su karmenn.com.<\/p>\n\n\n\n<p>Inoltre, attraverso il sito karmenn.com, possono essere messi a disposizione degli utenti servizi gratuiti e\/o a pagamento offerti da terzi, che saranno regolati dalle condizioni particolari di tali servizi. Karmenn non garantisce in alcun caso la veridicit\u00e0, l'accuratezza o la tempestivit\u00e0 dei contenuti e dei servizi offerti da terzi ed \u00e8 espressamente esonerata da qualsiasi responsabilit\u00e0 per danni che possano derivare dalla mancanza di accuratezza di tali contenuti e servizi.<\/p>\n\n\n\n<p><strong>TERZO - RESPONSABILIT\u00c0.<\/strong><\/p>\n\n\n\n<p>Karmenn non sar\u00e0 in alcun caso responsabile per:&nbsp;<\/p>\n\n\n\n<ul><li>Guasti e incidenti che possono verificarsi nelle comunicazioni, cancellazioni o trasmissioni incomplete, per cui non si garantisce che i servizi del sito web siano costantemente operativi.<\/li><li>Per la produzione di qualsiasi tipo di danno che gli utenti o i terzi possono causare al sito web.<\/li><li>Per l'affidabilit\u00e0 e la veridicit\u00e0 delle informazioni introdotte da terzi sul sito web, direttamente o tramite link.<\/li><\/ul>\n\n\n\n<p>Karmenn si riserva il diritto di sospendere l'accesso senza preavviso, a discrezione e su base permanente o temporanea, fino a quando non sar\u00e0 assicurata l'effettiva responsabilit\u00e0 per i danni che potrebbero verificarsi.<\/p>\n\n\n\n<p>Karmenn collaborer\u00e0 e notificher\u00e0 alle autorit\u00e0 competenti i suddetti incidenti non appena sar\u00e0 a conoscenza del fatto che il danno causato costituisce un qualsiasi tipo di attivit\u00e0 illegale.<\/p>\n\n\n\n<p><strong>QUARTO - DIRITTO D'AUTORE E MARCHIO DI FABBRICA<\/strong><\/p>\n\n\n\n<p>KARMENN DESIGN \u00e8 un marchio registrato. L'uso del marchio KARMENN DESIGN, compresi il nome e il logo, con qualsiasi mezzo da parte di terzi \u00e8 vietato senza l'esplicito consenso di Karmenn. Tutti i diritti sono riservati.<\/p>\n\n\n\n<p>Allo stesso modo, i contenuti, la programmazione e il design del sito web karmenn.com sono interamente protetti dal diritto d'autore, e qualsiasi riproduzione, comunicazione, distribuzione e trasformazione dei suddetti elementi protetti \u00e8 espressamente vietata, se non con il consenso esplicito di Karmenn.<\/p>\n\n\n\n<p>Karmenn pu\u00f2 utilizzare fonti esterne per l'elaborazione dei propri contenuti e stabilire link o collegamenti ipertestuali ad articoli o informazioni di terzi, citando sempre la fonte. Il legittimo proprietario del copyright delle informazioni cos\u00ec inserite pu\u00f2 richiedere in qualsiasi momento la rimozione di tali contenuti.<\/p>\n\n\n\n<p>I materiali grafici e scritti inviati dagli utenti attraverso i mezzi messi a disposizione sul sito sono di propriet\u00e0 dell'utente che, con l'invio, ne afferma la legittima paternit\u00e0 e cede a Karmenn i diritti di riproduzione e distribuzione.<\/p>\n\n\n\n<p><strong>QUINTO - GIURISDIZIONE E LEGGE APPLICABILE<\/strong><\/p>\n\n\n\n<p>Le presenti condizioni generali sono regolate dalla legge spagnola. I tribunali di Murcia sono competenti per risolvere qualsiasi controversia o conflitto derivante dalle presenti condizioni generali, e l'utente rinuncia espressamente a qualsiasi altra giurisdizione che possa corrispondergli.<\/p>\n\n\n\n<p><strong>SESTO - VARIE.<\/strong><\/p>\n\n\n\n<p>Nel caso in cui una qualsiasi disposizione del presente documento venga dichiarata invalida, le restanti disposizioni rimarranno in vigore e saranno interpretate tenendo conto della volont\u00e0 delle parti e dello scopo delle presenti condizioni. Karmenn non potr\u00e0 esercitare nessuno dei diritti e dei poteri conferiti nel presente documento, il che non implicher\u00e0 in alcun caso la rinuncia agli stessi, a meno che non sia espressamente riconosciuto da Karmenn.<\/p>","protected":false},"excerpt":{"rendered":"<p>CONDICIONES GENERALES DE ACCESO Y USO DEL SITIO WEB KARMENN.COM El sitio web www.karmenn.com es propiedad de Plastymed Technical Plastic, Sociedad Limitada (en adelante, Karmenn), con domicilio a efectos de notificaciones en Calle Melilla S\/N, 30500 Murcia, CIF n\u00fam. B05547799, y direcci\u00f3n de correo electr\u00f3nico info@plastymed.com, y a trav\u00e9s del mismo se proporciona informaci\u00f3n sobre [&hellip;]<\/p>","protected":false},"author":1,"featured_media":0,"parent":0,"menu_order":0,"comment_status":"closed","ping_status":"closed","template":"","meta":{"footnotes":"","_joinchat":[]},"yoast_head":"<!-- This site is optimized with the Yoast SEO plugin v22.5 - https:\/\/yoast.com\/wordpress\/plugins\/seo\/ -->\n<title>Aviso legal - Karmenn.com<\/title>\n<meta name=\"robots\" content=\"index, follow, max-snippet:-1, max-image-preview:large, max-video-preview:-1\" \/>\n<link rel=\"canonical\" href=\"https:\/\/wizardly-goodall.5-250-191-207.plesk.page\/it\/avviso-legale\/\" \/>\n<meta property=\"og:locale\" content=\"it_IT\" \/>\n<meta property=\"og:type\" content=\"article\" \/>\n<meta property=\"og:title\" content=\"Aviso legal - Karmenn.com\" \/>\n<meta property=\"og:description\" content=\"CONDICIONES GENERALES DE ACCESO Y USO DEL SITIO WEB KARMENN.COM El sitio web www.karmenn.com es propiedad de Plastymed Technical Plastic, Sociedad Limitada (en adelante, Karmenn), con domicilio a efectos de notificaciones en Calle Melilla S\/N, 30500 Murcia, CIF n\u00fam. B05547799, y direcci\u00f3n de correo electr\u00f3nico info@plastymed.com, y a trav\u00e9s del mismo se proporciona informaci\u00f3n sobre [&hellip;]\" \/>\n<meta property=\"og:url\" content=\"https:\/\/wizardly-goodall.5-250-191-207.plesk.page\/it\/avviso-legale\/\" \/>\n<meta property=\"og:site_name\" content=\"Karmenn.com\" \/>\n<meta property=\"article:modified_time\" content=\"2022-07-13T12:45:21+00:00\" \/>\n<meta name=\"twitter:card\" content=\"summary_large_image\" \/>\n<script type=\"application\/ld+json\" class=\"yoast-schema-graph\">{\"@context\":\"https:\/\/schema.org\",\"@graph\":[{\"@type\":\"WebPage\",\"@id\":\"https:\/\/wizardly-goodall.5-250-191-207.plesk.page\/aviso-legal\/\",\"url\":\"https:\/\/wizardly-goodall.5-250-191-207.plesk.page\/aviso-legal\/\",\"name\":\"Aviso legal - Karmenn.com\",\"isPartOf\":{\"@id\":\"https:\/\/wizardly-goodall.5-250-191-207.plesk.page\/#website\"},\"datePublished\":\"2022-05-25T09:21:05+00:00\",\"dateModified\":\"2022-07-13T12:45:21+00:00\",\"breadcrumb\":{\"@id\":\"https:\/\/wizardly-goodall.5-250-191-207.plesk.page\/aviso-legal\/#breadcrumb\"},\"inLanguage\":\"it-IT\",\"potentialAction\":[{\"@type\":\"ReadAction\",\"target\":[\"https:\/\/wizardly-goodall.5-250-191-207.plesk.page\/aviso-legal\/\"]}]},{\"@type\":\"BreadcrumbList\",\"@id\":\"https:\/\/wizardly-goodall.5-250-191-207.plesk.page\/aviso-legal\/#breadcrumb\",\"itemListElement\":[{\"@type\":\"ListItem\",\"position\":1,\"name\":\"Portada\",\"item\":\"https:\/\/wizardly-goodall.5-250-191-207.plesk.page\/\"},{\"@type\":\"ListItem\",\"position\":2,\"name\":\"Aviso legal\"}]},{\"@type\":\"WebSite\",\"@id\":\"https:\/\/wizardly-goodall.5-250-191-207.plesk.page\/#website\",\"url\":\"https:\/\/wizardly-goodall.5-250-191-207.plesk.page\/\",\"name\":\"Karmenn.com\",\"description\":\"El fabricante de mobiliario y cocinas de exterior en HDPE que te hace la vida m\u00e1s f\u00e1cil\",\"publisher\":{\"@id\":\"https:\/\/wizardly-goodall.5-250-191-207.plesk.page\/#organization\"},\"potentialAction\":[{\"@type\":\"SearchAction\",\"target\":{\"@type\":\"EntryPoint\",\"urlTemplate\":\"https:\/\/wizardly-goodall.5-250-191-207.plesk.page\/?s={search_term_string}\"},\"query-input\":\"required name=search_term_string\"}],\"inLanguage\":\"it-IT\"},{\"@type\":\"Organization\",\"@id\":\"https:\/\/wizardly-goodall.5-250-191-207.plesk.page\/#organization\",\"name\":\"Karmenn.com\",\"url\":\"https:\/\/wizardly-goodall.5-250-191-207.plesk.page\/\",\"logo\":{\"@type\":\"ImageObject\",\"inLanguage\":\"it-IT\",\"@id\":\"https:\/\/wizardly-goodall.5-250-191-207.plesk.page\/#\/schema\/logo\/image\/\",\"url\":\"https:\/\/wizardly-goodall.5-250-191-207.plesk.page\/wp-content\/uploads\/2023\/07\/logo_karmenn_negro0.5x.png\",\"contentUrl\":\"https:\/\/wizardly-goodall.5-250-191-207.plesk.page\/wp-content\/uploads\/2023\/07\/logo_karmenn_negro0.5x.png\",\"width\":145,\"height\":83,\"caption\":\"Karmenn.com\"},\"image\":{\"@id\":\"https:\/\/wizardly-goodall.5-250-191-207.plesk.page\/#\/schema\/logo\/image\/\"}}]}<\/script>\n<!-- \/ Yoast SEO plugin. -->","yoast_head_json":{"title":"Aviso legal - Karmenn.com","robots":{"index":"index","follow":"follow","max-snippet":"max-snippet:-1","max-image-preview":"max-image-preview:large","max-video-preview":"max-video-preview:-1"},"canonical":"https:\/\/wizardly-goodall.5-250-191-207.plesk.page\/it\/avviso-legale\/","og_locale":"it_IT","og_type":"article","og_title":"Aviso legal - Karmenn.com","og_description":"CONDICIONES GENERALES DE ACCESO Y USO DEL SITIO WEB KARMENN.COM El sitio web www.karmenn.com es propiedad de Plastymed Technical Plastic, Sociedad Limitada (en adelante, Karmenn), con domicilio a efectos de notificaciones en Calle Melilla S\/N, 30500 Murcia, CIF n\u00fam. B05547799, y direcci\u00f3n de correo electr\u00f3nico info@plastymed.com, y a trav\u00e9s del mismo se proporciona informaci\u00f3n sobre [&hellip;]","og_url":"https:\/\/wizardly-goodall.5-250-191-207.plesk.page\/it\/avviso-legale\/","og_site_name":"Karmenn.com","article_modified_time":"2022-07-13T12:45:21+00:00","twitter_card":"summary_large_image","schema":{"@context":"https:\/\/schema.org","@graph":[{"@type":"WebPage","@id":"https:\/\/wizardly-goodall.5-250-191-207.plesk.page\/aviso-legal\/","url":"https:\/\/wizardly-goodall.5-250-191-207.plesk.page\/aviso-legal\/","name":"Aviso legal - Karmenn.com","isPartOf":{"@id":"https:\/\/wizardly-goodall.5-250-191-207.plesk.page\/#website"},"datePublished":"2022-05-25T09:21:05+00:00","dateModified":"2022-07-13T12:45:21+00:00","breadcrumb":{"@id":"https:\/\/wizardly-goodall.5-250-191-207.plesk.page\/aviso-legal\/#breadcrumb"},"inLanguage":"it-IT","potentialAction":[{"@type":"ReadAction","target":["https:\/\/wizardly-goodall.5-250-191-207.plesk.page\/aviso-legal\/"]}]},{"@type":"BreadcrumbList","@id":"https:\/\/wizardly-goodall.5-250-191-207.plesk.page\/aviso-legal\/#breadcrumb","itemListElement":[{"@type":"ListItem","position":1,"name":"Portada","item":"https:\/\/wizardly-goodall.5-250-191-207.plesk.page\/"},{"@type":"ListItem","position":2,"name":"Aviso legal"}]},{"@type":"WebSite","@id":"https:\/\/wizardly-goodall.5-250-191-207.plesk.page\/#website","url":"https:\/\/wizardly-goodall.5-250-191-207.plesk.page\/","name":"Karmenn.com","description":"El fabricante de mobiliario y cocinas de exterior en HDPE que te hace la vida m\u00e1s f\u00e1cil","publisher":{"@id":"https:\/\/wizardly-goodall.5-250-191-207.plesk.page\/#organization"},"potentialAction":[{"@type":"SearchAction","target":{"@type":"EntryPoint","urlTemplate":"https:\/\/wizardly-goodall.5-250-191-207.plesk.page\/?s={search_term_string}"},"query-input":"required name=search_term_string"}],"inLanguage":"it-IT"},{"@type":"Organization","@id":"https:\/\/wizardly-goodall.5-250-191-207.plesk.page\/#organization","name":"Karmenn.com","url":"https:\/\/wizardly-goodall.5-250-191-207.plesk.page\/","logo":{"@type":"ImageObject","inLanguage":"it-IT","@id":"https:\/\/wizardly-goodall.5-250-191-207.plesk.page\/#\/schema\/logo\/image\/","url":"https:\/\/wizardly-goodall.5-250-191-207.plesk.page\/wp-content\/uploads\/2023\/07\/logo_karmenn_negro0.5x.png","contentUrl":"https:\/\/wizardly-goodall.5-250-191-207.plesk.page\/wp-content\/uploads\/2023\/07\/logo_karmenn_negro0.5x.png","width":145,"height":83,"caption":"Karmenn.com"},"image":{"@id":"https:\/\/wizardly-goodall.5-250-191-207.plesk.page\/#\/schema\/logo\/image\/"}}]}},"jetpack_sharing_enabled":true,"_links":{"self":[{"href":"https:\/\/wizardly-goodall.5-250-191-207.plesk.page\/it\/wp-json\/wp\/v2\/pages\/2231"}],"collection":[{"href":"https:\/\/wizardly-goodall.5-250-191-207.plesk.page\/it\/wp-json\/wp\/v2\/pages"}],"about":[{"href":"https:\/\/wizardly-goodall.5-250-191-207.plesk.page\/it\/wp-json\/wp\/v2\/types\/page"}],"author":[{"embeddable":true,"href":"https:\/\/wizardly-goodall.5-250-191-207.plesk.page\/it\/wp-json\/wp\/v2\/users\/1"}],"replies":[{"embeddable":true,"href":"https:\/\/wizardly-goodall.5-250-191-207.plesk.page\/it\/wp-json\/wp\/v2\/comments?post=2231"}],"version-history":[{"count":2,"href":"https:\/\/wizardly-goodall.5-250-191-207.plesk.page\/it\/wp-json\/wp\/v2\/pages\/2231\/revisions"}],"predecessor-version":[{"id":2233,"href":"https:\/\/wizardly-goodall.5-250-191-207.plesk.page\/it\/wp-json\/wp\/v2\/pages\/2231\/revisions\/2233"}],"wp:attachment":[{"href":"https:\/\/wizardly-goodall.5-250-191-207.plesk.page\/it\/wp-json\/wp\/v2\/media?parent=2231"}],"curies":[{"name":"wp","href":"https:\/\/api.w.org\/{rel}","templated":true}]}}