{"id":5574,"date":"2022-06-07T11:45:04","date_gmt":"2022-06-07T11:45:04","guid":{"rendered":"https:\/\/karmenn.com\/?post_type=product&#038;p=5574"},"modified":"2023-07-05T11:25:03","modified_gmt":"2023-07-05T11:25:03","slug":"cocina-exterior-hdpe-164cm-k02","status":"publish","type":"product","link":"https:\/\/wizardly-goodall.5-250-191-207.plesk.page\/fr\/tienda\/cuisine-exterieure-hdpe-164cm-k02\/","title":{"rendered":"Cuisine ext\u00e9rieure HDPE avec Barbecue 164cm K02"},"content":{"rendered":"<p>Cocina de Exterior de dise\u00f1o muy actual de 164cm de ancho fabricada en pl\u00e1stico HDPE reciclado con 20 a\u00f1os de garant\u00eda. Dise\u00f1o modular personalizable con 7 Colores a elegir. La cocina de exterior de dise\u00f1o minimalista con barbacoa incluida m\u00e1s vendida de nuestro cat\u00e1logo, por algo ser\u00e1.<\/p>","protected":false},"excerpt":{"rendered":"<p>Cuisine d'ext\u00e9rieur Karmenn en PEHD garantie jusqu'\u00e0 20 ans* compos\u00e9e d'un module de base de 45 cm avec 1 porte et 1 tablette int\u00e9rieure, suivi d'un module avec barbecue Karmenn Classic avec deux portes sans tablette int\u00e9rieure et d'un module de base pour bouteille de gaz. Comprend un barbecue Classic en acier inoxydable 304 avec 4 br\u00fbleurs d'une puissance de 3,7 kW. Structure et fa\u00e7ades en HDPE avec plan de travail en HPL. Gr\u00e2ce au syst\u00e8me modulaire de Karmenn, la cuisine est pr\u00e9-assembl\u00e9e et il suffit de visser les modules entre eux et de coller le plan de travail une fois les modules assembl\u00e9s.<\/p>","protected":false},"featured_media":5549,"template":"","meta":{"_joinchat":[]},"product_cat":[99],"product_tag":[147,146],"yoast_head":"<!-- This site is optimized with the Yoast SEO plugin v22.5 - https:\/\/yoast.com\/wordpress\/plugins\/seo\/ -->\n<title>Cocina Exterior HDPE con Barbacoa 164cm K02 - Karmenn.com<\/title>\n<meta name=\"robots\" content=\"index, follow, max-snippet:-1, max-image-preview:large, max-video-preview:-1\" \/>\n<link rel=\"canonical\" href=\"https:\/\/wizardly-goodall.5-250-191-207.plesk.page\/fr\/tienda\/cuisine-exterieure-hdpe-164cm-k02\/\" \/>\n<meta property=\"og:locale\" content=\"fr_FR\" \/>\n<meta property=\"og:type\" content=\"article\" \/>\n<meta property=\"og:title\" content=\"Cocina Exterior HDPE con Barbacoa 164cm K02 - Karmenn.com\" \/>\n<meta property=\"og:description\" content=\"Cocina de exterior Karmenn fabricada en HDPE con hasta 20 a\u00f1os de garant\u00eda* compuesta por un M\u00f3dulo base de 45cm con 1 puerta y 1 estante interior, seguido de un m\u00f3dulo con barbacoa Karmenn Classic con dos puertas sin estante interior y m\u00f3dulo base para bombona de gas. Incluye una barbacoa Classic fabricada en acero inoxidable 304 con 4 quemadores de 3.7KW de potencia. Estructura y frentes fabricados en HDPE con encimera de HPL. Gracias al sistema modular de Karmenn la cocina viene premontada y solo hay que atornillar los m\u00f3dulos entre si y pegar la encimera una vez los m\u00f3dulos queden montados.\" \/>\n<meta property=\"og:url\" content=\"https:\/\/wizardly-goodall.5-250-191-207.plesk.page\/fr\/tienda\/cuisine-exterieure-hdpe-164cm-k02\/\" \/>\n<meta property=\"og:site_name\" content=\"Karmenn.com\" \/>\n<meta property=\"article:modified_time\" content=\"2023-07-05T11:25:03+00:00\" \/>\n<meta property=\"og:image\" content=\"https:\/\/wizardly-goodall.5-250-191-207.plesk.page\/wp-content\/uploads\/2022\/06\/VO-C2.jpg\" \/>\n\t<meta property=\"og:image:width\" content=\"1600\" \/>\n\t<meta property=\"og:image:height\" content=\"899\" \/>\n\t<meta property=\"og:image:type\" content=\"image\/jpeg\" \/>\n<meta name=\"twitter:card\" content=\"summary_large_image\" \/>\n<script type=\"application\/ld+json\" class=\"yoast-schema-graph\">{\"@context\":\"https:\/\/schema.org\",\"@graph\":[{\"@type\":\"WebPage\",\"@id\":\"https:\/\/wizardly-goodall.5-250-191-207.plesk.page\/tienda\/cocina-exterior-hdpe-164cm-k02\/\",\"url\":\"https:\/\/wizardly-goodall.5-250-191-207.plesk.page\/tienda\/cocina-exterior-hdpe-164cm-k02\/\",\"name\":\"Cocina Exterior HDPE con Barbacoa 164cm K02 - Karmenn.com\",\"isPartOf\":{\"@id\":\"https:\/\/wizardly-goodall.5-250-191-207.plesk.page\/#website\"},\"primaryImageOfPage\":{\"@id\":\"https:\/\/wizardly-goodall.5-250-191-207.plesk.page\/tienda\/cocina-exterior-hdpe-164cm-k02\/#primaryimage\"},\"image\":{\"@id\":\"https:\/\/wizardly-goodall.5-250-191-207.plesk.page\/tienda\/cocina-exterior-hdpe-164cm-k02\/#primaryimage\"},\"thumbnailUrl\":\"https:\/\/wizardly-goodall.5-250-191-207.plesk.page\/wp-content\/uploads\/2022\/06\/VO-C2.jpg\",\"datePublished\":\"2022-06-07T11:45:04+00:00\",\"dateModified\":\"2023-07-05T11:25:03+00:00\",\"breadcrumb\":{\"@id\":\"https:\/\/wizardly-goodall.5-250-191-207.plesk.page\/tienda\/cocina-exterior-hdpe-164cm-k02\/#breadcrumb\"},\"inLanguage\":\"fr-FR\",\"potentialAction\":[{\"@type\":\"ReadAction\",\"target\":[\"https:\/\/wizardly-goodall.5-250-191-207.plesk.page\/tienda\/cocina-exterior-hdpe-164cm-k02\/\"]}]},{\"@type\":\"ImageObject\",\"inLanguage\":\"fr-FR\",\"@id\":\"https:\/\/wizardly-goodall.5-250-191-207.plesk.page\/tienda\/cocina-exterior-hdpe-164cm-k02\/#primaryimage\",\"url\":\"https:\/\/wizardly-goodall.5-250-191-207.plesk.page\/wp-content\/uploads\/2022\/06\/VO-C2.jpg\",\"contentUrl\":\"https:\/\/wizardly-goodall.5-250-191-207.plesk.page\/wp-content\/uploads\/2022\/06\/VO-C2.jpg\",\"width\":1600,\"height\":899},{\"@type\":\"BreadcrumbList\",\"@id\":\"https:\/\/wizardly-goodall.5-250-191-207.plesk.page\/tienda\/cocina-exterior-hdpe-164cm-k02\/#breadcrumb\",\"itemListElement\":[{\"@type\":\"ListItem\",\"position\":1,\"name\":\"Portada\",\"item\":\"https:\/\/wizardly-goodall.5-250-191-207.plesk.page\/\"},{\"@type\":\"ListItem\",\"position\":2,\"name\":\"Tienda\",\"item\":\"https:\/\/wizardly-goodall.5-250-191-207.plesk.page\/tienda\/\"},{\"@type\":\"ListItem\",\"position\":3,\"name\":\"Cocina Exterior HDPE con Barbacoa 164cm K02\"}]},{\"@type\":\"WebSite\",\"@id\":\"https:\/\/wizardly-goodall.5-250-191-207.plesk.page\/#website\",\"url\":\"https:\/\/wizardly-goodall.5-250-191-207.plesk.page\/\",\"name\":\"Karmenn.com\",\"description\":\"El fabricante de mobiliario y cocinas de exterior en HDPE que te hace la vida m\u00e1s f\u00e1cil\",\"publisher\":{\"@id\":\"https:\/\/wizardly-goodall.5-250-191-207.plesk.page\/#organization\"},\"potentialAction\":[{\"@type\":\"SearchAction\",\"target\":{\"@type\":\"EntryPoint\",\"urlTemplate\":\"https:\/\/wizardly-goodall.5-250-191-207.plesk.page\/?s={search_term_string}\"},\"query-input\":\"required name=search_term_string\"}],\"inLanguage\":\"fr-FR\"},{\"@type\":\"Organization\",\"@id\":\"https:\/\/wizardly-goodall.5-250-191-207.plesk.page\/#organization\",\"name\":\"Karmenn.com\",\"url\":\"https:\/\/wizardly-goodall.5-250-191-207.plesk.page\/\",\"logo\":{\"@type\":\"ImageObject\",\"inLanguage\":\"fr-FR\",\"@id\":\"https:\/\/wizardly-goodall.5-250-191-207.plesk.page\/#\/schema\/logo\/image\/\",\"url\":\"https:\/\/wizardly-goodall.5-250-191-207.plesk.page\/wp-content\/uploads\/2023\/07\/logo_karmenn_negro0.5x.png\",\"contentUrl\":\"https:\/\/wizardly-goodall.5-250-191-207.plesk.page\/wp-content\/uploads\/2023\/07\/logo_karmenn_negro0.5x.png\",\"width\":145,\"height\":83,\"caption\":\"Karmenn.com\"},\"image\":{\"@id\":\"https:\/\/wizardly-goodall.5-250-191-207.plesk.page\/#\/schema\/logo\/image\/\"}}]}<\/script>\n<!-- \/ Yoast SEO plugin. -->","yoast_head_json":{"title":"Cocina Exterior HDPE con Barbacoa 164cm K02 - Karmenn.com","robots":{"index":"index","follow":"follow","max-snippet":"max-snippet:-1","max-image-preview":"max-image-preview:large","max-video-preview":"max-video-preview:-1"},"canonical":"https:\/\/wizardly-goodall.5-250-191-207.plesk.page\/fr\/tienda\/cuisine-exterieure-hdpe-164cm-k02\/","og_locale":"fr_FR","og_type":"article","og_title":"Cocina Exterior HDPE con Barbacoa 164cm K02 - Karmenn.com","og_description":"Cocina de exterior Karmenn fabricada en HDPE con hasta 20 a\u00f1os de garant\u00eda* compuesta por un M\u00f3dulo base de 45cm con 1 puerta y 1 estante interior, seguido de un m\u00f3dulo con barbacoa Karmenn Classic con dos puertas sin estante interior y m\u00f3dulo base para bombona de gas. Incluye una barbacoa Classic fabricada en acero inoxidable 304 con 4 quemadores de 3.7KW de potencia. Estructura y frentes fabricados en HDPE con encimera de HPL. Gracias al sistema modular de Karmenn la cocina viene premontada y solo hay que atornillar los m\u00f3dulos entre si y pegar la encimera una vez los m\u00f3dulos queden montados.","og_url":"https:\/\/wizardly-goodall.5-250-191-207.plesk.page\/fr\/tienda\/cuisine-exterieure-hdpe-164cm-k02\/","og_site_name":"Karmenn.com","article_modified_time":"2023-07-05T11:25:03+00:00","og_image":[{"width":1600,"height":899,"url":"https:\/\/wizardly-goodall.5-250-191-207.plesk.page\/wp-content\/uploads\/2022\/06\/VO-C2.jpg","type":"image\/jpeg"}],"twitter_card":"summary_large_image","schema":{"@context":"https:\/\/schema.org","@graph":[{"@type":"WebPage","@id":"https:\/\/wizardly-goodall.5-250-191-207.plesk.page\/tienda\/cocina-exterior-hdpe-164cm-k02\/","url":"https:\/\/wizardly-goodall.5-250-191-207.plesk.page\/tienda\/cocina-exterior-hdpe-164cm-k02\/","name":"Cocina Exterior HDPE con Barbacoa 164cm K02 - Karmenn.com","isPartOf":{"@id":"https:\/\/wizardly-goodall.5-250-191-207.plesk.page\/#website"},"primaryImageOfPage":{"@id":"https:\/\/wizardly-goodall.5-250-191-207.plesk.page\/tienda\/cocina-exterior-hdpe-164cm-k02\/#primaryimage"},"image":{"@id":"https:\/\/wizardly-goodall.5-250-191-207.plesk.page\/tienda\/cocina-exterior-hdpe-164cm-k02\/#primaryimage"},"thumbnailUrl":"https:\/\/wizardly-goodall.5-250-191-207.plesk.page\/wp-content\/uploads\/2022\/06\/VO-C2.jpg","datePublished":"2022-06-07T11:45:04+00:00","dateModified":"2023-07-05T11:25:03+00:00","breadcrumb":{"@id":"https:\/\/wizardly-goodall.5-250-191-207.plesk.page\/tienda\/cocina-exterior-hdpe-164cm-k02\/#breadcrumb"},"inLanguage":"fr-FR","potentialAction":[{"@type":"ReadAction","target":["https:\/\/wizardly-goodall.5-250-191-207.plesk.page\/tienda\/cocina-exterior-hdpe-164cm-k02\/"]}]},{"@type":"ImageObject","inLanguage":"fr-FR","@id":"https:\/\/wizardly-goodall.5-250-191-207.plesk.page\/tienda\/cocina-exterior-hdpe-164cm-k02\/#primaryimage","url":"https:\/\/wizardly-goodall.5-250-191-207.plesk.page\/wp-content\/uploads\/2022\/06\/VO-C2.jpg","contentUrl":"https:\/\/wizardly-goodall.5-250-191-207.plesk.page\/wp-content\/uploads\/2022\/06\/VO-C2.jpg","width":1600,"height":899},{"@type":"BreadcrumbList","@id":"https:\/\/wizardly-goodall.5-250-191-207.plesk.page\/tienda\/cocina-exterior-hdpe-164cm-k02\/#breadcrumb","itemListElement":[{"@type":"ListItem","position":1,"name":"Portada","item":"https:\/\/wizardly-goodall.5-250-191-207.plesk.page\/"},{"@type":"ListItem","position":2,"name":"Tienda","item":"https:\/\/wizardly-goodall.5-250-191-207.plesk.page\/tienda\/"},{"@type":"ListItem","position":3,"name":"Cocina Exterior HDPE con Barbacoa 164cm K02"}]},{"@type":"WebSite","@id":"https:\/\/wizardly-goodall.5-250-191-207.plesk.page\/#website","url":"https:\/\/wizardly-goodall.5-250-191-207.plesk.page\/","name":"Karmenn.com","description":"El fabricante de mobiliario y cocinas de exterior en HDPE que te hace la vida m\u00e1s f\u00e1cil","publisher":{"@id":"https:\/\/wizardly-goodall.5-250-191-207.plesk.page\/#organization"},"potentialAction":[{"@type":"SearchAction","target":{"@type":"EntryPoint","urlTemplate":"https:\/\/wizardly-goodall.5-250-191-207.plesk.page\/?s={search_term_string}"},"query-input":"required name=search_term_string"}],"inLanguage":"fr-FR"},{"@type":"Organization","@id":"https:\/\/wizardly-goodall.5-250-191-207.plesk.page\/#organization","name":"Karmenn.com","url":"https:\/\/wizardly-goodall.5-250-191-207.plesk.page\/","logo":{"@type":"ImageObject","inLanguage":"fr-FR","@id":"https:\/\/wizardly-goodall.5-250-191-207.plesk.page\/#\/schema\/logo\/image\/","url":"https:\/\/wizardly-goodall.5-250-191-207.plesk.page\/wp-content\/uploads\/2023\/07\/logo_karmenn_negro0.5x.png","contentUrl":"https:\/\/wizardly-goodall.5-250-191-207.plesk.page\/wp-content\/uploads\/2023\/07\/logo_karmenn_negro0.5x.png","width":145,"height":83,"caption":"Karmenn.com"},"image":{"@id":"https:\/\/wizardly-goodall.5-250-191-207.plesk.page\/#\/schema\/logo\/image\/"}}]}},"jetpack_sharing_enabled":true,"_links":{"self":[{"href":"https:\/\/wizardly-goodall.5-250-191-207.plesk.page\/fr\/wp-json\/wp\/v2\/product\/5574"}],"collection":[{"href":"https:\/\/wizardly-goodall.5-250-191-207.plesk.page\/fr\/wp-json\/wp\/v2\/product"}],"about":[{"href":"https:\/\/wizardly-goodall.5-250-191-207.plesk.page\/fr\/wp-json\/wp\/v2\/types\/product"}],"wp:featuredmedia":[{"embeddable":true,"href":"https:\/\/wizardly-goodall.5-250-191-207.plesk.page\/fr\/wp-json\/wp\/v2\/media\/5549"}],"wp:attachment":[{"href":"https:\/\/wizardly-goodall.5-250-191-207.plesk.page\/fr\/wp-json\/wp\/v2\/media?parent=5574"}],"wp:term":[{"taxonomy":"product_cat","embeddable":true,"href":"https:\/\/wizardly-goodall.5-250-191-207.plesk.page\/fr\/wp-json\/wp\/v2\/product_cat?post=5574"},{"taxonomy":"product_tag","embeddable":true,"href":"https:\/\/wizardly-goodall.5-250-191-207.plesk.page\/fr\/wp-json\/wp\/v2\/product_tag?post=5574"}],"curies":[{"name":"wp","href":"https:\/\/api.w.org\/{rel}","templated":true}]}}