{"id":2231,"date":"2022-05-25T09:21:05","date_gmt":"2022-05-25T09:21:05","guid":{"rendered":"https:\/\/karmenn.com\/?page_id=2231"},"modified":"2022-07-13T12:45:21","modified_gmt":"2022-07-13T12:45:21","slug":"aviso-legal","status":"publish","type":"page","link":"https:\/\/wizardly-goodall.5-250-191-207.plesk.page\/fr\/avis-juridique\/","title":{"rendered":"Avis juridique"},"content":{"rendered":"<h1 class=\"wp-block-heading\"><strong>CONDITIONS G\u00c9N\u00c9RALES D'ACC\u00c8S ET D'UTILISATION DU SITE KARMENN.COM<\/strong><\/h1>\n\n\n\n<p>Le site web www.karmenn.com est la propri\u00e9t\u00e9 de Plastymed Technical Plastic, Sociedad Limitada (ci-apr\u00e8s, Karmenn), dont l'adresse aux fins de notification est Calle Melilla S\/N, 30500 Murcia, CIF n\u00ba B05547799, et l'adresse \u00e9lectronique info@plastymed.com, et fournit des informations sur ses activit\u00e9s et\/ou services.<\/p>\n\n\n\n<p>L'acc\u00e8s et l'utilisation du site web conf\u00e8rent \u00e0 l'utilisateur le statut d'\"utilisateur\" et impliquent l'acceptation totale, expresse et sans r\u00e9serve des pr\u00e9sentes conditions g\u00e9n\u00e9rales en vigueur au moment de l'acc\u00e8s. Si l'utilisateur ne comprend pas pleinement ces conditions d'utilisation ou ne les accepte pas, il doit s'abstenir d'utiliser et d'op\u00e9rer par l'interm\u00e9diaire de ce site web. Les pr\u00e9sentes conditions g\u00e9n\u00e9rales r\u00e9gissent uniquement et exclusivement l'utilisation du site web Karmenn par les utilisateurs qui acc\u00e8dent et\/ou naviguent sur www.karmenn.com. Les pr\u00e9sentes conditions g\u00e9n\u00e9rales sont affich\u00e9es sur chacune des pages du site karmenn.com, afin que l'utilisateur puisse les lire, les imprimer et les archiver.<\/p>\n\n\n\n<p><strong>PREMI\u00c8REMENT - CONDITIONS D'ACC\u00c8S ET D'UTILISATION.<\/strong><\/p>\n\n\n\n<p>L'utilisation du site web de Karmenn est gratuite et ne n\u00e9cessite pas d'enregistrement pr\u00e9alable de l'utilisateur. Dans les cas o\u00f9 l'acc\u00e8s et\/ou l'utilisation de certains services et\/ou contenus n\u00e9cessitent l'enregistrement ou la souscription d'un utilisateur, celui-ci devra pr\u00e9alablement accepter la politique de confidentialit\u00e9 correspondante et les conditions g\u00e9n\u00e9rales sp\u00e9cifiques, l'acc\u00e8s \u00e0 ces services n'\u00e9tant pas possible sans cette acceptation.<\/p>\n\n\n\n<p>Les conditions d'acc\u00e8s et d'utilisation de ce site sont strictement r\u00e9gies par la l\u00e9gislation en vigueur et par le principe de bonne foi, et l'utilisateur s'engage \u00e0 en faire bon usage. Tout acte portant atteinte aux droits ou aux int\u00e9r\u00eats de tiers (droit \u00e0 la vie priv\u00e9e, \u00e0 la protection des donn\u00e9es, \u00e0 la propri\u00e9t\u00e9 intellectuelle, etc.) ou \u00e0 la l\u00e9gislation en vigueur est interdit.<\/p>\n\n\n\n<p>Karmenn l'interdit express\u00e9ment :&nbsp;<\/p>\n\n\n\n<ul><li>Effectuer des actions susceptibles de causer des dommages aux syst\u00e8mes de Karmenn ou \u00e0 des tiers sur le site ou par son interm\u00e9diaire, par quelque moyen que ce soit.<\/li><li>R\u00e9aliser sans l'autorisation requise tout type de publicit\u00e9 ou d'information commerciale directement ou secr\u00e8tement, l'envoi de courriers de masse (\"spamming\") ou l'envoi de messages volumineux dans le but de bloquer les serveurs du r\u00e9seau (\"mail bombing\").<\/li><\/ul>\n\n\n\n<p>L'utilisateur s'engage \u00e0 ne pas utiliser le site web, ni son contenu ou les informations et\/ou services qui y sont propos\u00e9s, pour r\u00e9aliser des activit\u00e9s contraires \u00e0 la loi et \u00e0 respecter \u00e0 tout moment les pr\u00e9sentes conditions g\u00e9n\u00e9rales.<\/p>\n\n\n\n<p>Karmenn peut \u00e0 tout moment mettre fin \u00e0 l'acc\u00e8s \u00e0 son site s'il d\u00e9tecte une utilisation contraire \u00e0 la loi, \u00e0 la bonne foi ou aux pr\u00e9sentes conditions g\u00e9n\u00e9rales.<\/p>\n\n\n\n<p><strong>DEUXI\u00c8MEMENT - CONTENU.<\/strong><\/p>\n\n\n\n<p>Le contenu de ce site a \u00e9t\u00e9 d\u00e9velopp\u00e9 et inclus par Karmenn, \u00e0 partir de sources internes et externes, de sorte que Karmenn n'est responsable que du contenu d\u00e9velopp\u00e9 en interne.<\/p>\n\n\n\n<p>Karmenn se r\u00e9serve le droit de modifier le contenu de son site \u00e0 tout moment. Karmenn ne garantit pas et n'est pas responsable du bon fonctionnement des liens vers des sites tiers pr\u00e9sents sur karmenn.com.<\/p>\n\n\n\n<p>En outre, par l'interm\u00e9diaire du site karmenn.com, des services gratuits et\/ou payants offerts par des tiers peuvent \u00eatre mis \u00e0 la disposition des utilisateurs, qui seront r\u00e9gis par les conditions particuli\u00e8res de ces services. Karmenn ne garantit en aucun cas la v\u00e9racit\u00e9, l'exactitude ou l'actualit\u00e9 des contenus et des services offerts par des tiers et se d\u00e9gage express\u00e9ment de toute responsabilit\u00e9 pour les dommages qui pourraient d\u00e9couler du manque d'exactitude de ces contenus et services.<\/p>\n\n\n\n<p><strong>TROISI\u00c8MEMENT, LA RESPONSABILIT\u00c9.<\/strong><\/p>\n\n\n\n<p>Karmenn ne peut en aucun cas \u00eatre tenu pour responsable :&nbsp;<\/p>\n\n\n\n<ul><li>Les pannes et incidents qui peuvent survenir dans les communications, la suppression ou les transmissions incompl\u00e8tes, de sorte qu'il n'y a aucune garantie que les services du site Web soient op\u00e9rationnels en permanence.<\/li><li>Pour la production de tout type de dommage que les utilisateurs ou des tiers pourraient causer au site web.<\/li><li>Pour la fiabilit\u00e9 et la v\u00e9racit\u00e9 des informations introduites par des tiers sur le site web, soit directement, soit par le biais de liens.<\/li><\/ul>\n\n\n\n<p>Karmenn se r\u00e9serve le droit de suspendre l'acc\u00e8s sans pr\u00e9avis, de mani\u00e8re discr\u00e9tionnaire et permanente ou temporaire, jusqu'\u00e0 ce que la responsabilit\u00e9 effective des dommages \u00e9ventuels soit assur\u00e9e.<\/p>\n\n\n\n<p>Karmenn collaborera et informera l'autorit\u00e9 comp\u00e9tente des incidents susmentionn\u00e9s d\u00e8s qu'elle aura une connaissance fiable que les dommages caus\u00e9s constituent un type quelconque d'activit\u00e9 ill\u00e9gale.<\/p>\n\n\n\n<p><strong>QUATRI\u00c8MEMENT - DROITS D'AUTEUR ET MARQUES D\u00c9POS\u00c9ES<\/strong><\/p>\n\n\n\n<p>KARMENN DESIGN est une marque d\u00e9pos\u00e9e. L'utilisation de la marque KARMENN DESIGN, y compris le nom et le logo, par quelque moyen que ce soit par des tiers est interdite sans l'accord expr\u00e8s de Karmenn. Tous les droits sont r\u00e9serv\u00e9s.<\/p>\n\n\n\n<p>De m\u00eame, les contenus, la programmation et la conception du site karmenn.com sont int\u00e9gralement prot\u00e9g\u00e9s par le droit d'auteur, et toute reproduction, communication, distribution et transformation des \u00e9l\u00e9ments prot\u00e9g\u00e9s susmentionn\u00e9s est express\u00e9ment interdite, sauf autorisation expresse de Karmenn.<\/p>\n\n\n\n<p>Karmenn peut utiliser des sources externes pour l'\u00e9laboration de ses contenus et \u00e9tablir des liens ou des hyperliens vers des articles ou des informations provenant de tiers, en citant toujours la source. Le titulaire l\u00e9gitime du droit d'auteur sur les informations ainsi incluses peut \u00e0 tout moment demander le retrait de ces contenus.<\/p>\n\n\n\n<p>Le mat\u00e9riel graphique et \u00e9crit envoy\u00e9 par les utilisateurs par les moyens mis \u00e0 disposition sur le site web est la propri\u00e9t\u00e9 de l'utilisateur qui, en l'envoyant, en affirme la l\u00e9gitime paternit\u00e9 et c\u00e8de les droits de reproduction et de distribution \u00e0 Karmenn.<\/p>\n\n\n\n<p><strong>CINQUI\u00c8ME - JURIDICTION ET DROIT APPLICABLE<\/strong><\/p>\n\n\n\n<p>Les pr\u00e9sentes conditions g\u00e9n\u00e9rales sont r\u00e9gies par la l\u00e9gislation espagnole. Les tribunaux de Murcie sont comp\u00e9tents pour r\u00e9soudre toute controverse ou tout conflit d\u00e9coulant des pr\u00e9sentes conditions g\u00e9n\u00e9rales, et l'utilisateur renonce express\u00e9ment \u00e0 toute autre juridiction qui pourrait lui correspondre.<\/p>\n\n\n\n<p><strong>SIXI\u00c8MEMENT - DIVERS.<\/strong><\/p>\n\n\n\n<p>Dans le cas o\u00f9 l'une des dispositions du pr\u00e9sent document serait d\u00e9clar\u00e9e invalide, les autres dispositions resteront en vigueur et seront interpr\u00e9t\u00e9es en tenant compte de la volont\u00e9 des parties et de l'objet des pr\u00e9sentes conditions. Karmenn ne peut exercer aucun des droits et pouvoirs qui lui sont conf\u00e9r\u00e9s dans le pr\u00e9sent document, ce qui n'implique en aucun cas qu'elle y renonce, \u00e0 moins que Karmenn ne le reconnaisse express\u00e9ment.<\/p>","protected":false},"excerpt":{"rendered":"<p>CONDICIONES GENERALES DE ACCESO Y USO DEL SITIO WEB KARMENN.COM El sitio web www.karmenn.com es propiedad de Plastymed Technical Plastic, Sociedad Limitada (en adelante, Karmenn), con domicilio a efectos de notificaciones en Calle Melilla S\/N, 30500 Murcia, CIF n\u00fam. B05547799, y direcci\u00f3n de correo electr\u00f3nico info@plastymed.com, y a trav\u00e9s del mismo se proporciona informaci\u00f3n sobre [&hellip;]<\/p>","protected":false},"author":1,"featured_media":0,"parent":0,"menu_order":0,"comment_status":"closed","ping_status":"closed","template":"","meta":{"footnotes":"","_joinchat":[]},"yoast_head":"<!-- This site is optimized with the Yoast SEO plugin v22.5 - https:\/\/yoast.com\/wordpress\/plugins\/seo\/ -->\n<title>Aviso legal - Karmenn.com<\/title>\n<meta name=\"robots\" content=\"index, follow, max-snippet:-1, max-image-preview:large, max-video-preview:-1\" \/>\n<link rel=\"canonical\" href=\"https:\/\/wizardly-goodall.5-250-191-207.plesk.page\/fr\/avis-juridique\/\" \/>\n<meta property=\"og:locale\" content=\"fr_FR\" \/>\n<meta property=\"og:type\" content=\"article\" \/>\n<meta property=\"og:title\" content=\"Aviso legal - Karmenn.com\" \/>\n<meta property=\"og:description\" content=\"CONDICIONES GENERALES DE ACCESO Y USO DEL SITIO WEB KARMENN.COM El sitio web www.karmenn.com es propiedad de Plastymed Technical Plastic, Sociedad Limitada (en adelante, Karmenn), con domicilio a efectos de notificaciones en Calle Melilla S\/N, 30500 Murcia, CIF n\u00fam. B05547799, y direcci\u00f3n de correo electr\u00f3nico info@plastymed.com, y a trav\u00e9s del mismo se proporciona informaci\u00f3n sobre [&hellip;]\" \/>\n<meta property=\"og:url\" content=\"https:\/\/wizardly-goodall.5-250-191-207.plesk.page\/fr\/avis-juridique\/\" \/>\n<meta property=\"og:site_name\" content=\"Karmenn.com\" \/>\n<meta property=\"article:modified_time\" content=\"2022-07-13T12:45:21+00:00\" \/>\n<meta name=\"twitter:card\" content=\"summary_large_image\" \/>\n<script type=\"application\/ld+json\" class=\"yoast-schema-graph\">{\"@context\":\"https:\/\/schema.org\",\"@graph\":[{\"@type\":\"WebPage\",\"@id\":\"https:\/\/wizardly-goodall.5-250-191-207.plesk.page\/aviso-legal\/\",\"url\":\"https:\/\/wizardly-goodall.5-250-191-207.plesk.page\/aviso-legal\/\",\"name\":\"Aviso legal - Karmenn.com\",\"isPartOf\":{\"@id\":\"https:\/\/wizardly-goodall.5-250-191-207.plesk.page\/#website\"},\"datePublished\":\"2022-05-25T09:21:05+00:00\",\"dateModified\":\"2022-07-13T12:45:21+00:00\",\"breadcrumb\":{\"@id\":\"https:\/\/wizardly-goodall.5-250-191-207.plesk.page\/aviso-legal\/#breadcrumb\"},\"inLanguage\":\"fr-FR\",\"potentialAction\":[{\"@type\":\"ReadAction\",\"target\":[\"https:\/\/wizardly-goodall.5-250-191-207.plesk.page\/aviso-legal\/\"]}]},{\"@type\":\"BreadcrumbList\",\"@id\":\"https:\/\/wizardly-goodall.5-250-191-207.plesk.page\/aviso-legal\/#breadcrumb\",\"itemListElement\":[{\"@type\":\"ListItem\",\"position\":1,\"name\":\"Portada\",\"item\":\"https:\/\/wizardly-goodall.5-250-191-207.plesk.page\/\"},{\"@type\":\"ListItem\",\"position\":2,\"name\":\"Aviso legal\"}]},{\"@type\":\"WebSite\",\"@id\":\"https:\/\/wizardly-goodall.5-250-191-207.plesk.page\/#website\",\"url\":\"https:\/\/wizardly-goodall.5-250-191-207.plesk.page\/\",\"name\":\"Karmenn.com\",\"description\":\"El fabricante de mobiliario y cocinas de exterior en HDPE que te hace la vida m\u00e1s f\u00e1cil\",\"publisher\":{\"@id\":\"https:\/\/wizardly-goodall.5-250-191-207.plesk.page\/#organization\"},\"potentialAction\":[{\"@type\":\"SearchAction\",\"target\":{\"@type\":\"EntryPoint\",\"urlTemplate\":\"https:\/\/wizardly-goodall.5-250-191-207.plesk.page\/?s={search_term_string}\"},\"query-input\":\"required name=search_term_string\"}],\"inLanguage\":\"fr-FR\"},{\"@type\":\"Organization\",\"@id\":\"https:\/\/wizardly-goodall.5-250-191-207.plesk.page\/#organization\",\"name\":\"Karmenn.com\",\"url\":\"https:\/\/wizardly-goodall.5-250-191-207.plesk.page\/\",\"logo\":{\"@type\":\"ImageObject\",\"inLanguage\":\"fr-FR\",\"@id\":\"https:\/\/wizardly-goodall.5-250-191-207.plesk.page\/#\/schema\/logo\/image\/\",\"url\":\"https:\/\/wizardly-goodall.5-250-191-207.plesk.page\/wp-content\/uploads\/2023\/07\/logo_karmenn_negro0.5x.png\",\"contentUrl\":\"https:\/\/wizardly-goodall.5-250-191-207.plesk.page\/wp-content\/uploads\/2023\/07\/logo_karmenn_negro0.5x.png\",\"width\":145,\"height\":83,\"caption\":\"Karmenn.com\"},\"image\":{\"@id\":\"https:\/\/wizardly-goodall.5-250-191-207.plesk.page\/#\/schema\/logo\/image\/\"}}]}<\/script>\n<!-- \/ Yoast SEO plugin. -->","yoast_head_json":{"title":"Aviso legal - Karmenn.com","robots":{"index":"index","follow":"follow","max-snippet":"max-snippet:-1","max-image-preview":"max-image-preview:large","max-video-preview":"max-video-preview:-1"},"canonical":"https:\/\/wizardly-goodall.5-250-191-207.plesk.page\/fr\/avis-juridique\/","og_locale":"fr_FR","og_type":"article","og_title":"Aviso legal - Karmenn.com","og_description":"CONDICIONES GENERALES DE ACCESO Y USO DEL SITIO WEB KARMENN.COM El sitio web www.karmenn.com es propiedad de Plastymed Technical Plastic, Sociedad Limitada (en adelante, Karmenn), con domicilio a efectos de notificaciones en Calle Melilla S\/N, 30500 Murcia, CIF n\u00fam. B05547799, y direcci\u00f3n de correo electr\u00f3nico info@plastymed.com, y a trav\u00e9s del mismo se proporciona informaci\u00f3n sobre [&hellip;]","og_url":"https:\/\/wizardly-goodall.5-250-191-207.plesk.page\/fr\/avis-juridique\/","og_site_name":"Karmenn.com","article_modified_time":"2022-07-13T12:45:21+00:00","twitter_card":"summary_large_image","schema":{"@context":"https:\/\/schema.org","@graph":[{"@type":"WebPage","@id":"https:\/\/wizardly-goodall.5-250-191-207.plesk.page\/aviso-legal\/","url":"https:\/\/wizardly-goodall.5-250-191-207.plesk.page\/aviso-legal\/","name":"Aviso legal - Karmenn.com","isPartOf":{"@id":"https:\/\/wizardly-goodall.5-250-191-207.plesk.page\/#website"},"datePublished":"2022-05-25T09:21:05+00:00","dateModified":"2022-07-13T12:45:21+00:00","breadcrumb":{"@id":"https:\/\/wizardly-goodall.5-250-191-207.plesk.page\/aviso-legal\/#breadcrumb"},"inLanguage":"fr-FR","potentialAction":[{"@type":"ReadAction","target":["https:\/\/wizardly-goodall.5-250-191-207.plesk.page\/aviso-legal\/"]}]},{"@type":"BreadcrumbList","@id":"https:\/\/wizardly-goodall.5-250-191-207.plesk.page\/aviso-legal\/#breadcrumb","itemListElement":[{"@type":"ListItem","position":1,"name":"Portada","item":"https:\/\/wizardly-goodall.5-250-191-207.plesk.page\/"},{"@type":"ListItem","position":2,"name":"Aviso legal"}]},{"@type":"WebSite","@id":"https:\/\/wizardly-goodall.5-250-191-207.plesk.page\/#website","url":"https:\/\/wizardly-goodall.5-250-191-207.plesk.page\/","name":"Karmenn.com","description":"El fabricante de mobiliario y cocinas de exterior en HDPE que te hace la vida m\u00e1s f\u00e1cil","publisher":{"@id":"https:\/\/wizardly-goodall.5-250-191-207.plesk.page\/#organization"},"potentialAction":[{"@type":"SearchAction","target":{"@type":"EntryPoint","urlTemplate":"https:\/\/wizardly-goodall.5-250-191-207.plesk.page\/?s={search_term_string}"},"query-input":"required name=search_term_string"}],"inLanguage":"fr-FR"},{"@type":"Organization","@id":"https:\/\/wizardly-goodall.5-250-191-207.plesk.page\/#organization","name":"Karmenn.com","url":"https:\/\/wizardly-goodall.5-250-191-207.plesk.page\/","logo":{"@type":"ImageObject","inLanguage":"fr-FR","@id":"https:\/\/wizardly-goodall.5-250-191-207.plesk.page\/#\/schema\/logo\/image\/","url":"https:\/\/wizardly-goodall.5-250-191-207.plesk.page\/wp-content\/uploads\/2023\/07\/logo_karmenn_negro0.5x.png","contentUrl":"https:\/\/wizardly-goodall.5-250-191-207.plesk.page\/wp-content\/uploads\/2023\/07\/logo_karmenn_negro0.5x.png","width":145,"height":83,"caption":"Karmenn.com"},"image":{"@id":"https:\/\/wizardly-goodall.5-250-191-207.plesk.page\/#\/schema\/logo\/image\/"}}]}},"jetpack_sharing_enabled":true,"_links":{"self":[{"href":"https:\/\/wizardly-goodall.5-250-191-207.plesk.page\/fr\/wp-json\/wp\/v2\/pages\/2231"}],"collection":[{"href":"https:\/\/wizardly-goodall.5-250-191-207.plesk.page\/fr\/wp-json\/wp\/v2\/pages"}],"about":[{"href":"https:\/\/wizardly-goodall.5-250-191-207.plesk.page\/fr\/wp-json\/wp\/v2\/types\/page"}],"author":[{"embeddable":true,"href":"https:\/\/wizardly-goodall.5-250-191-207.plesk.page\/fr\/wp-json\/wp\/v2\/users\/1"}],"replies":[{"embeddable":true,"href":"https:\/\/wizardly-goodall.5-250-191-207.plesk.page\/fr\/wp-json\/wp\/v2\/comments?post=2231"}],"version-history":[{"count":2,"href":"https:\/\/wizardly-goodall.5-250-191-207.plesk.page\/fr\/wp-json\/wp\/v2\/pages\/2231\/revisions"}],"predecessor-version":[{"id":2233,"href":"https:\/\/wizardly-goodall.5-250-191-207.plesk.page\/fr\/wp-json\/wp\/v2\/pages\/2231\/revisions\/2233"}],"wp:attachment":[{"href":"https:\/\/wizardly-goodall.5-250-191-207.plesk.page\/fr\/wp-json\/wp\/v2\/media?parent=2231"}],"curies":[{"name":"wp","href":"https:\/\/api.w.org\/{rel}","templated":true}]}}