{"id":2243,"date":"2022-05-25T09:35:05","date_gmt":"2022-05-25T09:35:05","guid":{"rendered":"https:\/\/karmenn.com\/?page_id=2243"},"modified":"2022-07-13T13:10:03","modified_gmt":"2022-07-13T13:10:03","slug":"cookies","status":"publish","type":"page","link":"https:\/\/wizardly-goodall.5-250-191-207.plesk.page\/en\/cookies\/","title":{"rendered":"Cookies"},"content":{"rendered":"<p>La presente Pol\u00edtica de Cookies pretende proporcionar la informaci\u00f3n necesaria para que cualquier usuario del sitio web pueda decidir si desea permitir la instalaci\u00f3n de las cookies utilizadas por Karmenn y c\u00f3mo gestionarlas. Por ello, proporcionamos una serie de nociones b\u00e1sicas cuyo conocimiento consideramos esencial (qu\u00e9 son las cookies y para qu\u00e9 pueden servir, o c\u00f3mo configurarlas o borrarlas) para cualquier usuario de internet, y facilitamos la identificaci\u00f3n de nuestras cookies.&nbsp;<br>La informaci\u00f3n sobre la Pol\u00edtica de cookies de Karmenn se proporciona a trav\u00e9s de dos capas: la primera, un \u201caviso\u201d en el pie de p\u00e1gina del sitio web, en el que se advierte de la instalaci\u00f3n de cookies no exentas -describiendo su finalidad- en caso de proseguir la navegaci\u00f3n sin modificar la configuraci\u00f3n del navegador y se proporciona un enlace a la presente Pol\u00edtica para que el usuario pueda conocer con m\u00e1s detalle su contenido y funcionamiento, siendo esta la segunda capa de informaci\u00f3n.&nbsp;<br>Nuestra Pol\u00edtica de cookies es p\u00fablica y permanentemente accesibles a trav\u00e9s del enlace habilitado en el sitio web, denominado \u201cCookies\u201d, al que pueden acceder los usuarios para mantenerse informados en todo momento.&nbsp;<br>Esta Pol\u00edtica de Cookies puede actualizarse en cualquier momento, como consecuencia de un cambio normativo o como consecuencia de cualquier cambio en la configuraci\u00f3n de las cookies utilizadas.&nbsp;<br>Karmenn puede utilizar cookies, y otras tecnolog\u00edas similares, para almacenar y recuperar informaci\u00f3n de los equipos terminales de los usuarios de sus sitios web (en adelante, denominadas conjuntamente \u201cCookies\u201d).&nbsp;<br>Las cookies son archivos o programas inform\u00e1ticos, enviados a un navegador por medio de un servidor web, que almacenan informaci\u00f3n en el equipo del usuario, al acceder o navegar por un sitio web, y permiten que se acceda a \u00e9sta tras su instalaci\u00f3n. En otras palabras, son elementos de informaci\u00f3n que un sitio web instala en su dispositivo cuando lo visita. Estos dispositivos pueden contener informaci\u00f3n sobre los h\u00e1bitos de navegaci\u00f3n de los usuarios o del equipo en que se instalan, o incluso pueden utilizarse para reconocer el usuario.<\/p>\n\n\n\n<p><strong>Tipos de Cookies&nbsp;<\/strong><\/p>\n\n\n\n<p>Existen diversos tipos de cookies en funci\u00f3n de la finalidad para la que se utilizan. Karmenn utiliza los siguientes tipos de cookies:<\/p>\n\n\n\n<p>-&nbsp;<strong>T<\/strong><strong>\u00e9cnicas<\/strong>: Son aqu\u00e9llas que permiten al usuario la navegaci\u00f3n a trav\u00e9s de la p\u00e1gina web y la utilizaci\u00f3n de las diferentes opciones o servicios que existen en \u00e9sta como, por ejemplo, identificar la sesi\u00f3n, acceder a partes de acceso restringido, autenticaci\u00f3n de usuarios, chat online, realizar el proceso de compra de un pedido, registrar acciones relacionadas con el aviso de cookies o para identificar las visitas procedentes de enlaces de afiliado e identificar, en su caso, las comisiones y descuentos aplicables.<\/p>\n\n\n\n<p>-&nbsp;<strong>Sociales<\/strong>: Son aqu\u00e9llas que los proveedores de servicios de redes sociales pueden instalar cuando el usuario selecciona compartir un determinado contenido de nuestro sitio web en la red social que operan. Las condiciones de estos servicios pueden consultarse en las siguientes direcciones:&nbsp;<a href=\"https:\/\/www.facebook.com\/help\/cookies\/update\">Facebook<\/a>,&nbsp;<a href=\"https:\/\/support.twitter.com\/articles\/20170521\">Twitter<\/a>,&nbsp;<a href=\"http:\/\/www.google.es\/intl\/es\/policies\/technologies\/types\">Google Plus\/YouTube<\/a>,&nbsp;<a href=\"https:\/\/www.instagram.com\/legal\/cookies\/\">Instragram<\/a>&nbsp;y&nbsp;<a href=\"https:\/\/www.linkedin.com\/legal\/cookie-policy?trk=organization-guest_footer-cookie-policy\">Linkedin<\/a>.<\/p>\n\n\n\n<p>Del mismo modo, seg\u00fan quien sea la entidad que gestione el equipo o dominio desde donde se env\u00edan las cookies y trate los datos que se obtengan, puede distinguirse entre cookies propias y cookies de Terceros. En atenci\u00f3n a esta clasificaci\u00f3n se utilizan las siguientes cookies:&nbsp;<br><br><strong>\u2022 Propias<\/strong>: Son aquellas que se instalan y gestionan directamente por Karmenn. Se clasifican en las siguientes finalidades:<\/p>\n\n\n\n<p><em><strong>A) Personalizaci\u00f3n:<\/strong><\/em><\/p>\n\n\n\n<figure class=\"wp-block-table\"><table><tbody><tr><td><strong>Nombre<\/strong><\/td><td><strong>Descripci\u00f3n<\/strong><\/td><td><strong>Duraci\u00f3n<\/strong><\/td><\/tr><tr><td>idioma_asignado<\/td><td>Guardar el idioma seleccionado por el visitante<\/td><td>6 meses<\/td><\/tr><tr><td>redireccion_por_region_espanhola<\/td><td>Guarda datos sobre el idioma y el URL<\/td><td>1 semana<\/td><\/tr><\/tbody><\/table><\/figure>\n\n\n\n<p><em><strong>B) T\u00e9cnicas:<\/strong><\/em><\/p>\n\n\n\n<figure class=\"wp-block-table\"><table><tbody><tr><td><strong>Nombre<\/strong><\/td><td><strong>Descripci\u00f3n<\/strong><\/td><td><strong>Duraci\u00f3n<\/strong><\/td><\/tr><tr><td>popup_aviso_web<\/td><td>Almacena el cierre del aviso web<\/td><td>1 semana<\/td><\/tr><tr><td>PHPSESSID<\/td><td>Identifica al usuario de forma \u00fanica durante la sesi\u00f3n.<\/td><td>Sesi\u00f3n<\/td><\/tr><tr><td>carro_compra<\/td><td>Almacena los art\u00edculos en el carro de compra<\/td><td>1 semana<\/td><\/tr><tr><td>recordar_hash, recordar_usuario<\/td><td>Almacenan el nombre de usuario, y un hash del nombre y la contrase\u00f1a del usuario<\/td><td>2 semanas<\/td><\/tr><tr><td>afiliado<\/td><td>Identificar visitas procedentes de enlaces de afiliado para aplicar comisiones.<\/td><td>60 d\u00edas<\/td><\/tr><tr><td>dh_cookie<\/td><td>Conserva la aceptaci\u00f3n del aviso de cookies<\/td><td>6 meses<\/td><\/tr><tr><td>islprontoemail, islprontologin<\/td><td>Autenticaci\u00f3n: Almacena email\/login del usuario en su \u00faltimo acceso al Chat Online<\/td><td>1 a\u00f1o<\/td><\/tr><tr><td>adgmp<\/td><td>Almacena el cierre de la ventana emergente del blog<\/td><td>1 semana<\/td><\/tr><\/tbody><\/table><\/figure>\n\n\n\n<p><strong>\u2022 Terceros:&nbsp;<\/strong>Son aquellas que se instalan por entidades ajenas a Karmenn, o que aun instaladas desde un equipo o dominio gestionado por Karmenn la informaci\u00f3n es gestionada por terceros. Karmenn no utiliza esta tipologia de cookies.<\/p>\n\n\n\n<p><br><strong>Configurar Cookies<\/strong><\/p>\n\n\n\n<p>Karmenn \u00fanicamente utiliza cookies propias con finalidad t\u00e9cnica, esto es, aquellas que permiten al usuario la navegaci\u00f3n a trav\u00e9s del sitio web y la utilizaci\u00f3n de las diferentes opciones y servicios que en ella existen. Este tipo de cookies no pueden configurarse por el usuario ya que se instalan en todo caso puesto que son necesarias para el funcionamiento del sitio web.&nbsp;<br>El usuario autoriza la instalaci\u00f3n de cookies cuando ejecuta funcionalidades concretas que requieren de su uso para funcionar (p.ej. al seleccionar \u201cRecordarme durante 15 d\u00edas\u201d, al acceder al chat o al panel de control, o al acceder a la web utilizando un enlace de afiliado).&nbsp;<br>Si el usuario desea revocar el consentimiento prestado, puede: eliminar las cookies instaladas y modificar sus preferencias sobre la aceptaci\u00f3n de cookies a trav\u00e9s de las opciones de su navegador.&nbsp;<br>Para evitar que se instalen en el futuro deber\u00e1 activar las opciones de Navegaci\u00f3n Privada o \u201cDo-Not-Track\u201d previstas en su navegador, es decir, bloquear o desactivar la instalaci\u00f3n de cookies.&nbsp;<br>El usuario debe tener en cuenta que algunas caracter\u00edsticas de los contenidos del sitio web solo est\u00e1n disponibles si se permite la instalaci\u00f3n de cookies en el navegador. Si decide no aceptar o bloquear determinadas cookies, en funci\u00f3n de su finalidad, puede que esto afecte, total o parcialmente, al funcionamiento normal del sitio web o que impida el acceso a algunos servicios del mismo.<\/p>\n\n\n\n<p>Para permitir, bloquear o eliminar las cookies instaladas en un equipo o dispositivo mediante la configuraci\u00f3n de las opciones del navegador instalado en el mismo, deben seguirse las instrucciones proporcionadas por el propio navegador. A continuaci\u00f3n proporcionamos los enlaces para configurar las cookies de los navegadores m\u00e1s populares:<\/p>\n\n\n\n<p>\u2022 Internet Explorer:&nbsp;<a href=\"http:\/\/windows.microsoft.com\/es-xl\/internet-explorer\/delete-manage-cookies#ie=ie-10\">Elimina y administra cookies<\/a>,<br>\u2022 Mozilla Firefox:&nbsp;<a href=\"https:\/\/support.mozilla.org\/es\/kb\/Borrar%20cookies\">Borrar Cookies<\/a>&nbsp;y&nbsp;<a href=\"https:\/\/support.mozilla.org\/es\/kb\/impedir-que-los-sitios-web-guarden-sus-preferencia\">Bloquear cookies<\/a>,<br>\u2022 Google Chrome:&nbsp;<a href=\"https:\/\/support.google.com\/chrome\/answer\/95647?hl=es\">Borrar, habilitar y administrar cookies<\/a>,<br>\u2022 Opera:&nbsp;<a href=\"https:\/\/help.opera.com\/en\/latest\/web-preferences\/#cookies\">Opciones de cookies<\/a>,<br>\u2022 Safari:&nbsp;<a href=\"https:\/\/support.apple.com\/es-es\/guide\/safari\/sfri11471\/mac\">Gestionar cookies<\/a>.<\/p>\n\n\n\n<p>Si se utiliza cualquier otro navegador, o los enlaces proporcionados no contienen la informaci\u00f3n deseada, es posible localizar c\u00f3mo gestionar las cookies que se instalan en un equipo accediendo al men\u00fa \u201cOpciones\u201d o \u201cConfiguraci\u00f3n\u201d \u2013o equivalente- del navegador, o bien consultando la secci\u00f3n de \u201cAyuda\u201d o \u201cSoporte\u201d del propio navegador. Hay navegadores que permiten configurar reglas espec\u00edficas \u2013excepciones- para administrar las cookies por sitio web, de forma que pueden inhabilitarse las cookies de todos los sitios salvo de aquellos en los que se conf\u00ede.&nbsp;<br>Recuerde que debe configurar sus preferencias en todos los dispositivos que utilice para navegar por internet.<\/p>\n\n\n\n<p><strong>Protecci\u00f3n de datos<\/strong><\/p>\n\n\n\n<p>Si bien la mayor\u00eda de las cookies son an\u00f3nimas y no permiten deducir ni obtener la identidad del usuario, algunos de los c\u00f3digos que pueden incluir sirven para singularizar o individualizar al navegador del dispositivo utilizado para visitar el sitio web y, por tanto, en estos casos puede resultar de aplicaci\u00f3n la normativa sobre protecci\u00f3n de datos personales. Del mismo modo, tambi\u00e9n es de aplicaci\u00f3n dicha normativa a las cookies no an\u00f3nimas utilizadas por Karmenn: \"recordar_hash\", \"recordar_usuario\",\"islprontoemail\" y \"islprontologin\". Por todo ello, se informa de que la informaci\u00f3n obtenida a trav\u00e9s de estas cookies ser\u00e1 incorporada a los tratamientos de Karmenn con las finalidades y plazos indicados en la presente Pol\u00edtica y en la Polica de Privacidad&nbsp;del sitio web. La base jur\u00eddica que legitima estos tratamientos es el consentimiento del usuario, prestado con ocasi\u00f3n de su navegaci\u00f3n por el sitio web de Karmenn al accionar las funcionalidades descritas en el apartado anterior \"Configurar Cookies\", y el inter\u00e9s leg\u00edtimo de Karmenn. En relaci\u00f3n con estas Cookies no ser\u00e1n aplicables los derechos de acceso, rectificaci\u00f3n, supresi\u00f3n, oposici\u00f3n, limitaci\u00f3n y portabilidad reconocidos en la normativa de protecci\u00f3n de datos, salvo que el usuario sea capaz de aportar informaci\u00f3n adicional que permita vincular su identidad con las cookies, dado que los c\u00f3digos utilizados no permiten por s\u00ed mismos la identificaci\u00f3n del usuario. Puede obtenerse m\u00e1s informaci\u00f3n consultando la Pol\u00edtica de Privacidad del sitio web.&nbsp;<\/p>","protected":false},"excerpt":{"rendered":"<p>La presente Pol\u00edtica de Cookies pretende proporcionar la informaci\u00f3n necesaria para que cualquier usuario del sitio web pueda decidir si desea permitir la instalaci\u00f3n de las cookies utilizadas por Karmenn y c\u00f3mo gestionarlas. Por ello, proporcionamos una serie de nociones b\u00e1sicas cuyo conocimiento consideramos esencial (qu\u00e9 son las cookies y para qu\u00e9 pueden servir, o [&hellip;]<\/p>","protected":false},"author":1,"featured_media":0,"parent":0,"menu_order":0,"comment_status":"closed","ping_status":"closed","template":"","meta":{"footnotes":"","_joinchat":[]},"yoast_head":"<!-- This site is optimized with the Yoast SEO plugin v22.5 - https:\/\/yoast.com\/wordpress\/plugins\/seo\/ -->\n<title>Cookies - Karmenn.com<\/title>\n<meta name=\"robots\" content=\"index, follow, max-snippet:-1, max-image-preview:large, max-video-preview:-1\" \/>\n<link rel=\"canonical\" href=\"https:\/\/wizardly-goodall.5-250-191-207.plesk.page\/en\/cookies\/\" \/>\n<meta property=\"og:locale\" content=\"en_GB\" \/>\n<meta property=\"og:type\" content=\"article\" \/>\n<meta property=\"og:title\" content=\"Cookies - Karmenn.com\" \/>\n<meta property=\"og:description\" content=\"La presente Pol\u00edtica de Cookies pretende proporcionar la informaci\u00f3n necesaria para que cualquier usuario del sitio web pueda decidir si desea permitir la instalaci\u00f3n de las cookies utilizadas por Karmenn y c\u00f3mo gestionarlas. Por ello, proporcionamos una serie de nociones b\u00e1sicas cuyo conocimiento consideramos esencial (qu\u00e9 son las cookies y para qu\u00e9 pueden servir, o [&hellip;]\" \/>\n<meta property=\"og:url\" content=\"https:\/\/wizardly-goodall.5-250-191-207.plesk.page\/en\/cookies\/\" \/>\n<meta property=\"og:site_name\" content=\"Karmenn.com\" \/>\n<meta property=\"article:modified_time\" content=\"2022-07-13T13:10:03+00:00\" \/>\n<meta name=\"twitter:card\" content=\"summary_large_image\" \/>\n<script type=\"application\/ld+json\" class=\"yoast-schema-graph\">{\"@context\":\"https:\/\/schema.org\",\"@graph\":[{\"@type\":\"WebPage\",\"@id\":\"https:\/\/wizardly-goodall.5-250-191-207.plesk.page\/cookies\/\",\"url\":\"https:\/\/wizardly-goodall.5-250-191-207.plesk.page\/cookies\/\",\"name\":\"Cookies - Karmenn.com\",\"isPartOf\":{\"@id\":\"https:\/\/wizardly-goodall.5-250-191-207.plesk.page\/#website\"},\"datePublished\":\"2022-05-25T09:35:05+00:00\",\"dateModified\":\"2022-07-13T13:10:03+00:00\",\"breadcrumb\":{\"@id\":\"https:\/\/wizardly-goodall.5-250-191-207.plesk.page\/cookies\/#breadcrumb\"},\"inLanguage\":\"en-GB\",\"potentialAction\":[{\"@type\":\"ReadAction\",\"target\":[\"https:\/\/wizardly-goodall.5-250-191-207.plesk.page\/cookies\/\"]}]},{\"@type\":\"BreadcrumbList\",\"@id\":\"https:\/\/wizardly-goodall.5-250-191-207.plesk.page\/cookies\/#breadcrumb\",\"itemListElement\":[{\"@type\":\"ListItem\",\"position\":1,\"name\":\"Portada\",\"item\":\"https:\/\/wizardly-goodall.5-250-191-207.plesk.page\/\"},{\"@type\":\"ListItem\",\"position\":2,\"name\":\"Cookies\"}]},{\"@type\":\"WebSite\",\"@id\":\"https:\/\/wizardly-goodall.5-250-191-207.plesk.page\/#website\",\"url\":\"https:\/\/wizardly-goodall.5-250-191-207.plesk.page\/\",\"name\":\"Karmenn.com\",\"description\":\"El fabricante de mobiliario y cocinas de exterior en HDPE que te hace la vida m\u00e1s f\u00e1cil\",\"publisher\":{\"@id\":\"https:\/\/wizardly-goodall.5-250-191-207.plesk.page\/#organization\"},\"potentialAction\":[{\"@type\":\"SearchAction\",\"target\":{\"@type\":\"EntryPoint\",\"urlTemplate\":\"https:\/\/wizardly-goodall.5-250-191-207.plesk.page\/?s={search_term_string}\"},\"query-input\":\"required name=search_term_string\"}],\"inLanguage\":\"en-GB\"},{\"@type\":\"Organization\",\"@id\":\"https:\/\/wizardly-goodall.5-250-191-207.plesk.page\/#organization\",\"name\":\"Karmenn.com\",\"url\":\"https:\/\/wizardly-goodall.5-250-191-207.plesk.page\/\",\"logo\":{\"@type\":\"ImageObject\",\"inLanguage\":\"en-GB\",\"@id\":\"https:\/\/wizardly-goodall.5-250-191-207.plesk.page\/#\/schema\/logo\/image\/\",\"url\":\"https:\/\/wizardly-goodall.5-250-191-207.plesk.page\/wp-content\/uploads\/2023\/07\/logo_karmenn_negro0.5x.png\",\"contentUrl\":\"https:\/\/wizardly-goodall.5-250-191-207.plesk.page\/wp-content\/uploads\/2023\/07\/logo_karmenn_negro0.5x.png\",\"width\":145,\"height\":83,\"caption\":\"Karmenn.com\"},\"image\":{\"@id\":\"https:\/\/wizardly-goodall.5-250-191-207.plesk.page\/#\/schema\/logo\/image\/\"}}]}<\/script>\n<!-- \/ Yoast SEO plugin. -->","yoast_head_json":{"title":"Cookies - Karmenn.com","robots":{"index":"index","follow":"follow","max-snippet":"max-snippet:-1","max-image-preview":"max-image-preview:large","max-video-preview":"max-video-preview:-1"},"canonical":"https:\/\/wizardly-goodall.5-250-191-207.plesk.page\/en\/cookies\/","og_locale":"en_GB","og_type":"article","og_title":"Cookies - Karmenn.com","og_description":"La presente Pol\u00edtica de Cookies pretende proporcionar la informaci\u00f3n necesaria para que cualquier usuario del sitio web pueda decidir si desea permitir la instalaci\u00f3n de las cookies utilizadas por Karmenn y c\u00f3mo gestionarlas. Por ello, proporcionamos una serie de nociones b\u00e1sicas cuyo conocimiento consideramos esencial (qu\u00e9 son las cookies y para qu\u00e9 pueden servir, o [&hellip;]","og_url":"https:\/\/wizardly-goodall.5-250-191-207.plesk.page\/en\/cookies\/","og_site_name":"Karmenn.com","article_modified_time":"2022-07-13T13:10:03+00:00","twitter_card":"summary_large_image","schema":{"@context":"https:\/\/schema.org","@graph":[{"@type":"WebPage","@id":"https:\/\/wizardly-goodall.5-250-191-207.plesk.page\/cookies\/","url":"https:\/\/wizardly-goodall.5-250-191-207.plesk.page\/cookies\/","name":"Cookies - Karmenn.com","isPartOf":{"@id":"https:\/\/wizardly-goodall.5-250-191-207.plesk.page\/#website"},"datePublished":"2022-05-25T09:35:05+00:00","dateModified":"2022-07-13T13:10:03+00:00","breadcrumb":{"@id":"https:\/\/wizardly-goodall.5-250-191-207.plesk.page\/cookies\/#breadcrumb"},"inLanguage":"en-GB","potentialAction":[{"@type":"ReadAction","target":["https:\/\/wizardly-goodall.5-250-191-207.plesk.page\/cookies\/"]}]},{"@type":"BreadcrumbList","@id":"https:\/\/wizardly-goodall.5-250-191-207.plesk.page\/cookies\/#breadcrumb","itemListElement":[{"@type":"ListItem","position":1,"name":"Portada","item":"https:\/\/wizardly-goodall.5-250-191-207.plesk.page\/"},{"@type":"ListItem","position":2,"name":"Cookies"}]},{"@type":"WebSite","@id":"https:\/\/wizardly-goodall.5-250-191-207.plesk.page\/#website","url":"https:\/\/wizardly-goodall.5-250-191-207.plesk.page\/","name":"Karmenn.com","description":"El fabricante de mobiliario y cocinas de exterior en HDPE que te hace la vida m\u00e1s f\u00e1cil","publisher":{"@id":"https:\/\/wizardly-goodall.5-250-191-207.plesk.page\/#organization"},"potentialAction":[{"@type":"SearchAction","target":{"@type":"EntryPoint","urlTemplate":"https:\/\/wizardly-goodall.5-250-191-207.plesk.page\/?s={search_term_string}"},"query-input":"required name=search_term_string"}],"inLanguage":"en-GB"},{"@type":"Organization","@id":"https:\/\/wizardly-goodall.5-250-191-207.plesk.page\/#organization","name":"Karmenn.com","url":"https:\/\/wizardly-goodall.5-250-191-207.plesk.page\/","logo":{"@type":"ImageObject","inLanguage":"en-GB","@id":"https:\/\/wizardly-goodall.5-250-191-207.plesk.page\/#\/schema\/logo\/image\/","url":"https:\/\/wizardly-goodall.5-250-191-207.plesk.page\/wp-content\/uploads\/2023\/07\/logo_karmenn_negro0.5x.png","contentUrl":"https:\/\/wizardly-goodall.5-250-191-207.plesk.page\/wp-content\/uploads\/2023\/07\/logo_karmenn_negro0.5x.png","width":145,"height":83,"caption":"Karmenn.com"},"image":{"@id":"https:\/\/wizardly-goodall.5-250-191-207.plesk.page\/#\/schema\/logo\/image\/"}}]}},"jetpack_sharing_enabled":true,"_links":{"self":[{"href":"https:\/\/wizardly-goodall.5-250-191-207.plesk.page\/en\/wp-json\/wp\/v2\/pages\/2243"}],"collection":[{"href":"https:\/\/wizardly-goodall.5-250-191-207.plesk.page\/en\/wp-json\/wp\/v2\/pages"}],"about":[{"href":"https:\/\/wizardly-goodall.5-250-191-207.plesk.page\/en\/wp-json\/wp\/v2\/types\/page"}],"author":[{"embeddable":true,"href":"https:\/\/wizardly-goodall.5-250-191-207.plesk.page\/en\/wp-json\/wp\/v2\/users\/1"}],"replies":[{"embeddable":true,"href":"https:\/\/wizardly-goodall.5-250-191-207.plesk.page\/en\/wp-json\/wp\/v2\/comments?post=2243"}],"version-history":[{"count":2,"href":"https:\/\/wizardly-goodall.5-250-191-207.plesk.page\/en\/wp-json\/wp\/v2\/pages\/2243\/revisions"}],"predecessor-version":[{"id":6202,"href":"https:\/\/wizardly-goodall.5-250-191-207.plesk.page\/en\/wp-json\/wp\/v2\/pages\/2243\/revisions\/6202"}],"wp:attachment":[{"href":"https:\/\/wizardly-goodall.5-250-191-207.plesk.page\/en\/wp-json\/wp\/v2\/media?parent=2243"}],"curies":[{"name":"wp","href":"https:\/\/api.w.org\/{rel}","templated":true}]}}