{"id":6430,"date":"2022-07-16T19:16:21","date_gmt":"2022-07-16T19:16:21","guid":{"rendered":"https:\/\/karmenn.com\/?post_type=product&#038;p=6430"},"modified":"2023-07-05T11:25:00","modified_gmt":"2023-07-05T11:25:00","slug":"cocina-de-exterior-hdpe-karmenn-216-k15","status":"publish","type":"product","link":"https:\/\/wizardly-goodall.5-250-191-207.plesk.page\/de\/tienda\/ausenkuche-hdpe-karmenn-216-k15\/","title":{"rendered":"Karmenn Au\u00dfenk\u00fcche HDPE 216cm K15"},"content":{"rendered":"<p>Unsere Outdoor-K\u00fcche mit avantgardistischem und minimalistischem Design besteht aus drei 70 cm langen Aufbewahrungsmodulen, ist 216 cm breit und wird aus recyceltem HDPE-Kunststoff mit einer 20-j\u00e4hrigen Garantie hergestellt. Sie haben die Wahl zwischen 7 Farben und 4 Arbeitsplattenausf\u00fchrungen. Das beste Angebot an Au\u00dfenk\u00fcchen mit mehr als zwei Metern Arbeitsfl\u00e4che.<\/p>","protected":false},"excerpt":{"rendered":"<p>Compuesta por tres m\u00f3dulos de almacenamiento de 70cm, nuestra cocina de exterior de dise\u00f1o tan vanguardista como minimalista tiene 216cm de ancho y est\u00e1 fabricada en pl\u00e1stico HDPE reciclado con 20 a\u00f1os de garant\u00eda. 7 Colores a elegir y 4 acabados de encimera. La mejor oferta de cocina de exterior de m\u00e1s de dos metros [&hellip;]<\/p>","protected":false},"featured_media":6303,"template":"","meta":{"_joinchat":[]},"product_cat":[99],"product_tag":[144],"yoast_head":"<!-- This site is optimized with the Yoast SEO plugin v22.5 - https:\/\/yoast.com\/wordpress\/plugins\/seo\/ -->\n<title>Cocina de Exterior HDPE Karmenn 216cm K15 - Karmenn.com<\/title>\n<meta name=\"robots\" content=\"index, follow, max-snippet:-1, max-image-preview:large, max-video-preview:-1\" \/>\n<link rel=\"canonical\" href=\"https:\/\/wizardly-goodall.5-250-191-207.plesk.page\/de\/tienda\/ausenkuche-hdpe-karmenn-216-k15\/\" \/>\n<meta property=\"og:locale\" content=\"de_DE\" \/>\n<meta property=\"og:type\" content=\"article\" \/>\n<meta property=\"og:title\" content=\"Cocina de Exterior HDPE Karmenn 216cm K15 - Karmenn.com\" \/>\n<meta property=\"og:description\" content=\"Compuesta por tres m\u00f3dulos de almacenamiento de 70cm, nuestra cocina de exterior de dise\u00f1o tan vanguardista como minimalista tiene 216cm de ancho y est\u00e1 fabricada en pl\u00e1stico HDPE reciclado con 20 a\u00f1os de garant\u00eda. 7 Colores a elegir y 4 acabados de encimera. La mejor oferta de cocina de exterior de m\u00e1s de dos metros [&hellip;]\" \/>\n<meta property=\"og:url\" content=\"https:\/\/wizardly-goodall.5-250-191-207.plesk.page\/de\/tienda\/ausenkuche-hdpe-karmenn-216-k15\/\" \/>\n<meta property=\"og:site_name\" content=\"Karmenn.com\" \/>\n<meta property=\"article:modified_time\" content=\"2023-07-05T11:25:00+00:00\" \/>\n<meta property=\"og:image\" content=\"https:\/\/wizardly-goodall.5-250-191-207.plesk.page\/wp-content\/uploads\/2022\/07\/GN-C15.jpg\" \/>\n\t<meta property=\"og:image:width\" content=\"1600\" \/>\n\t<meta property=\"og:image:height\" content=\"899\" \/>\n\t<meta property=\"og:image:type\" content=\"image\/jpeg\" \/>\n<meta name=\"twitter:card\" content=\"summary_large_image\" \/>\n<script type=\"application\/ld+json\" class=\"yoast-schema-graph\">{\"@context\":\"https:\/\/schema.org\",\"@graph\":[{\"@type\":\"WebPage\",\"@id\":\"https:\/\/wizardly-goodall.5-250-191-207.plesk.page\/tienda\/cocina-de-exterior-hdpe-karmenn-216-k15\/\",\"url\":\"https:\/\/wizardly-goodall.5-250-191-207.plesk.page\/tienda\/cocina-de-exterior-hdpe-karmenn-216-k15\/\",\"name\":\"Cocina de Exterior HDPE Karmenn 216cm K15 - Karmenn.com\",\"isPartOf\":{\"@id\":\"https:\/\/wizardly-goodall.5-250-191-207.plesk.page\/#website\"},\"primaryImageOfPage\":{\"@id\":\"https:\/\/wizardly-goodall.5-250-191-207.plesk.page\/tienda\/cocina-de-exterior-hdpe-karmenn-216-k15\/#primaryimage\"},\"image\":{\"@id\":\"https:\/\/wizardly-goodall.5-250-191-207.plesk.page\/tienda\/cocina-de-exterior-hdpe-karmenn-216-k15\/#primaryimage\"},\"thumbnailUrl\":\"https:\/\/wizardly-goodall.5-250-191-207.plesk.page\/wp-content\/uploads\/2022\/07\/GN-C15.jpg\",\"datePublished\":\"2022-07-16T19:16:21+00:00\",\"dateModified\":\"2023-07-05T11:25:00+00:00\",\"breadcrumb\":{\"@id\":\"https:\/\/wizardly-goodall.5-250-191-207.plesk.page\/tienda\/cocina-de-exterior-hdpe-karmenn-216-k15\/#breadcrumb\"},\"inLanguage\":\"de-DE\",\"potentialAction\":[{\"@type\":\"ReadAction\",\"target\":[\"https:\/\/wizardly-goodall.5-250-191-207.plesk.page\/tienda\/cocina-de-exterior-hdpe-karmenn-216-k15\/\"]}]},{\"@type\":\"ImageObject\",\"inLanguage\":\"de-DE\",\"@id\":\"https:\/\/wizardly-goodall.5-250-191-207.plesk.page\/tienda\/cocina-de-exterior-hdpe-karmenn-216-k15\/#primaryimage\",\"url\":\"https:\/\/wizardly-goodall.5-250-191-207.plesk.page\/wp-content\/uploads\/2022\/07\/GN-C15.jpg\",\"contentUrl\":\"https:\/\/wizardly-goodall.5-250-191-207.plesk.page\/wp-content\/uploads\/2022\/07\/GN-C15.jpg\",\"width\":1600,\"height\":899},{\"@type\":\"BreadcrumbList\",\"@id\":\"https:\/\/wizardly-goodall.5-250-191-207.plesk.page\/tienda\/cocina-de-exterior-hdpe-karmenn-216-k15\/#breadcrumb\",\"itemListElement\":[{\"@type\":\"ListItem\",\"position\":1,\"name\":\"Portada\",\"item\":\"https:\/\/wizardly-goodall.5-250-191-207.plesk.page\/\"},{\"@type\":\"ListItem\",\"position\":2,\"name\":\"Tienda\",\"item\":\"https:\/\/wizardly-goodall.5-250-191-207.plesk.page\/tienda\/\"},{\"@type\":\"ListItem\",\"position\":3,\"name\":\"Cocina de Exterior HDPE Karmenn 216cm K15\"}]},{\"@type\":\"WebSite\",\"@id\":\"https:\/\/wizardly-goodall.5-250-191-207.plesk.page\/#website\",\"url\":\"https:\/\/wizardly-goodall.5-250-191-207.plesk.page\/\",\"name\":\"Karmenn.com\",\"description\":\"El fabricante de mobiliario y cocinas de exterior en HDPE que te hace la vida m\u00e1s f\u00e1cil\",\"publisher\":{\"@id\":\"https:\/\/wizardly-goodall.5-250-191-207.plesk.page\/#organization\"},\"potentialAction\":[{\"@type\":\"SearchAction\",\"target\":{\"@type\":\"EntryPoint\",\"urlTemplate\":\"https:\/\/wizardly-goodall.5-250-191-207.plesk.page\/?s={search_term_string}\"},\"query-input\":\"required name=search_term_string\"}],\"inLanguage\":\"de-DE\"},{\"@type\":\"Organization\",\"@id\":\"https:\/\/wizardly-goodall.5-250-191-207.plesk.page\/#organization\",\"name\":\"Karmenn.com\",\"url\":\"https:\/\/wizardly-goodall.5-250-191-207.plesk.page\/\",\"logo\":{\"@type\":\"ImageObject\",\"inLanguage\":\"de-DE\",\"@id\":\"https:\/\/wizardly-goodall.5-250-191-207.plesk.page\/#\/schema\/logo\/image\/\",\"url\":\"https:\/\/wizardly-goodall.5-250-191-207.plesk.page\/wp-content\/uploads\/2023\/07\/logo_karmenn_negro0.5x.png\",\"contentUrl\":\"https:\/\/wizardly-goodall.5-250-191-207.plesk.page\/wp-content\/uploads\/2023\/07\/logo_karmenn_negro0.5x.png\",\"width\":145,\"height\":83,\"caption\":\"Karmenn.com\"},\"image\":{\"@id\":\"https:\/\/wizardly-goodall.5-250-191-207.plesk.page\/#\/schema\/logo\/image\/\"}}]}<\/script>\n<!-- \/ Yoast SEO plugin. -->","yoast_head_json":{"title":"Cocina de Exterior HDPE Karmenn 216cm K15 - Karmenn.com","robots":{"index":"index","follow":"follow","max-snippet":"max-snippet:-1","max-image-preview":"max-image-preview:large","max-video-preview":"max-video-preview:-1"},"canonical":"https:\/\/wizardly-goodall.5-250-191-207.plesk.page\/de\/tienda\/ausenkuche-hdpe-karmenn-216-k15\/","og_locale":"de_DE","og_type":"article","og_title":"Cocina de Exterior HDPE Karmenn 216cm K15 - Karmenn.com","og_description":"Compuesta por tres m\u00f3dulos de almacenamiento de 70cm, nuestra cocina de exterior de dise\u00f1o tan vanguardista como minimalista tiene 216cm de ancho y est\u00e1 fabricada en pl\u00e1stico HDPE reciclado con 20 a\u00f1os de garant\u00eda. 7 Colores a elegir y 4 acabados de encimera. La mejor oferta de cocina de exterior de m\u00e1s de dos metros [&hellip;]","og_url":"https:\/\/wizardly-goodall.5-250-191-207.plesk.page\/de\/tienda\/ausenkuche-hdpe-karmenn-216-k15\/","og_site_name":"Karmenn.com","article_modified_time":"2023-07-05T11:25:00+00:00","og_image":[{"width":1600,"height":899,"url":"https:\/\/wizardly-goodall.5-250-191-207.plesk.page\/wp-content\/uploads\/2022\/07\/GN-C15.jpg","type":"image\/jpeg"}],"twitter_card":"summary_large_image","schema":{"@context":"https:\/\/schema.org","@graph":[{"@type":"WebPage","@id":"https:\/\/wizardly-goodall.5-250-191-207.plesk.page\/tienda\/cocina-de-exterior-hdpe-karmenn-216-k15\/","url":"https:\/\/wizardly-goodall.5-250-191-207.plesk.page\/tienda\/cocina-de-exterior-hdpe-karmenn-216-k15\/","name":"Cocina de Exterior HDPE Karmenn 216cm K15 - Karmenn.com","isPartOf":{"@id":"https:\/\/wizardly-goodall.5-250-191-207.plesk.page\/#website"},"primaryImageOfPage":{"@id":"https:\/\/wizardly-goodall.5-250-191-207.plesk.page\/tienda\/cocina-de-exterior-hdpe-karmenn-216-k15\/#primaryimage"},"image":{"@id":"https:\/\/wizardly-goodall.5-250-191-207.plesk.page\/tienda\/cocina-de-exterior-hdpe-karmenn-216-k15\/#primaryimage"},"thumbnailUrl":"https:\/\/wizardly-goodall.5-250-191-207.plesk.page\/wp-content\/uploads\/2022\/07\/GN-C15.jpg","datePublished":"2022-07-16T19:16:21+00:00","dateModified":"2023-07-05T11:25:00+00:00","breadcrumb":{"@id":"https:\/\/wizardly-goodall.5-250-191-207.plesk.page\/tienda\/cocina-de-exterior-hdpe-karmenn-216-k15\/#breadcrumb"},"inLanguage":"de-DE","potentialAction":[{"@type":"ReadAction","target":["https:\/\/wizardly-goodall.5-250-191-207.plesk.page\/tienda\/cocina-de-exterior-hdpe-karmenn-216-k15\/"]}]},{"@type":"ImageObject","inLanguage":"de-DE","@id":"https:\/\/wizardly-goodall.5-250-191-207.plesk.page\/tienda\/cocina-de-exterior-hdpe-karmenn-216-k15\/#primaryimage","url":"https:\/\/wizardly-goodall.5-250-191-207.plesk.page\/wp-content\/uploads\/2022\/07\/GN-C15.jpg","contentUrl":"https:\/\/wizardly-goodall.5-250-191-207.plesk.page\/wp-content\/uploads\/2022\/07\/GN-C15.jpg","width":1600,"height":899},{"@type":"BreadcrumbList","@id":"https:\/\/wizardly-goodall.5-250-191-207.plesk.page\/tienda\/cocina-de-exterior-hdpe-karmenn-216-k15\/#breadcrumb","itemListElement":[{"@type":"ListItem","position":1,"name":"Portada","item":"https:\/\/wizardly-goodall.5-250-191-207.plesk.page\/"},{"@type":"ListItem","position":2,"name":"Tienda","item":"https:\/\/wizardly-goodall.5-250-191-207.plesk.page\/tienda\/"},{"@type":"ListItem","position":3,"name":"Cocina de Exterior HDPE Karmenn 216cm K15"}]},{"@type":"WebSite","@id":"https:\/\/wizardly-goodall.5-250-191-207.plesk.page\/#website","url":"https:\/\/wizardly-goodall.5-250-191-207.plesk.page\/","name":"Karmenn.com","description":"El fabricante de mobiliario y cocinas de exterior en HDPE que te hace la vida m\u00e1s f\u00e1cil","publisher":{"@id":"https:\/\/wizardly-goodall.5-250-191-207.plesk.page\/#organization"},"potentialAction":[{"@type":"SearchAction","target":{"@type":"EntryPoint","urlTemplate":"https:\/\/wizardly-goodall.5-250-191-207.plesk.page\/?s={search_term_string}"},"query-input":"required name=search_term_string"}],"inLanguage":"de-DE"},{"@type":"Organization","@id":"https:\/\/wizardly-goodall.5-250-191-207.plesk.page\/#organization","name":"Karmenn.com","url":"https:\/\/wizardly-goodall.5-250-191-207.plesk.page\/","logo":{"@type":"ImageObject","inLanguage":"de-DE","@id":"https:\/\/wizardly-goodall.5-250-191-207.plesk.page\/#\/schema\/logo\/image\/","url":"https:\/\/wizardly-goodall.5-250-191-207.plesk.page\/wp-content\/uploads\/2023\/07\/logo_karmenn_negro0.5x.png","contentUrl":"https:\/\/wizardly-goodall.5-250-191-207.plesk.page\/wp-content\/uploads\/2023\/07\/logo_karmenn_negro0.5x.png","width":145,"height":83,"caption":"Karmenn.com"},"image":{"@id":"https:\/\/wizardly-goodall.5-250-191-207.plesk.page\/#\/schema\/logo\/image\/"}}]}},"jetpack_sharing_enabled":true,"_links":{"self":[{"href":"https:\/\/wizardly-goodall.5-250-191-207.plesk.page\/de\/wp-json\/wp\/v2\/product\/6430"}],"collection":[{"href":"https:\/\/wizardly-goodall.5-250-191-207.plesk.page\/de\/wp-json\/wp\/v2\/product"}],"about":[{"href":"https:\/\/wizardly-goodall.5-250-191-207.plesk.page\/de\/wp-json\/wp\/v2\/types\/product"}],"wp:featuredmedia":[{"embeddable":true,"href":"https:\/\/wizardly-goodall.5-250-191-207.plesk.page\/de\/wp-json\/wp\/v2\/media\/6303"}],"wp:attachment":[{"href":"https:\/\/wizardly-goodall.5-250-191-207.plesk.page\/de\/wp-json\/wp\/v2\/media?parent=6430"}],"wp:term":[{"taxonomy":"product_cat","embeddable":true,"href":"https:\/\/wizardly-goodall.5-250-191-207.plesk.page\/de\/wp-json\/wp\/v2\/product_cat?post=6430"},{"taxonomy":"product_tag","embeddable":true,"href":"https:\/\/wizardly-goodall.5-250-191-207.plesk.page\/de\/wp-json\/wp\/v2\/product_tag?post=6430"}],"curies":[{"name":"wp","href":"https:\/\/api.w.org\/{rel}","templated":true}]}}