{"id":10922,"date":"2023-11-09T08:52:48","date_gmt":"2023-11-09T08:52:48","guid":{"rendered":"https:\/\/karmenn.com\/?post_type=product&#038;p=10922"},"modified":"2023-11-15T09:01:19","modified_gmt":"2023-11-15T09:01:19","slug":"jardinera-rekkto-jd01-altura-60cm","status":"publish","type":"product","link":"https:\/\/wizardly-goodall.5-250-191-207.plesk.page\/de\/tienda\/jardinera-rekkto-jd01-altura-60cm\/","title":{"rendered":"Rekkto JD01 Pflanzgef\u00e4\u00df H\u00f6he 60cm"},"content":{"rendered":"","protected":false},"excerpt":{"rendered":"<p>Jardinera Tipo X<\/p>","protected":false},"featured_media":9761,"template":"","meta":{"_joinchat":[]},"product_cat":[175,163,158],"product_tag":[],"yoast_head":"<!-- This site is optimized with the Yoast SEO plugin v22.5 - https:\/\/yoast.com\/wordpress\/plugins\/seo\/ -->\n<title>Jardinera Rekkto JD01 Altura 60cm - Karmenn.com<\/title>\n<meta name=\"robots\" content=\"index, follow, max-snippet:-1, max-image-preview:large, max-video-preview:-1\" \/>\n<link rel=\"canonical\" href=\"https:\/\/wizardly-goodall.5-250-191-207.plesk.page\/de\/tienda\/jardinera-rekkto-jd01-altura-60cm\/\" \/>\n<meta property=\"og:locale\" content=\"de_DE\" \/>\n<meta property=\"og:type\" content=\"article\" \/>\n<meta property=\"og:title\" content=\"Jardinera Rekkto JD01 Altura 60cm - Karmenn.com\" \/>\n<meta property=\"og:description\" content=\"Jardinera Tipo X\" \/>\n<meta property=\"og:url\" content=\"https:\/\/wizardly-goodall.5-250-191-207.plesk.page\/de\/tienda\/jardinera-rekkto-jd01-altura-60cm\/\" \/>\n<meta property=\"og:site_name\" content=\"Karmenn.com\" \/>\n<meta property=\"article:modified_time\" content=\"2023-11-15T09:01:19+00:00\" \/>\n<meta property=\"og:image\" content=\"https:\/\/wizardly-goodall.5-250-191-207.plesk.page\/wp-content\/uploads\/2023\/06\/JD01-NE-scaled.jpg\" \/>\n\t<meta property=\"og:image:width\" content=\"2560\" \/>\n\t<meta property=\"og:image:height\" content=\"1438\" \/>\n\t<meta property=\"og:image:type\" content=\"image\/jpeg\" \/>\n<meta name=\"twitter:card\" content=\"summary_large_image\" \/>\n<script type=\"application\/ld+json\" class=\"yoast-schema-graph\">{\"@context\":\"https:\/\/schema.org\",\"@graph\":[{\"@type\":\"WebPage\",\"@id\":\"https:\/\/wizardly-goodall.5-250-191-207.plesk.page\/tienda\/jardinera-rekkto-jd01-altura-60cm\/\",\"url\":\"https:\/\/wizardly-goodall.5-250-191-207.plesk.page\/tienda\/jardinera-rekkto-jd01-altura-60cm\/\",\"name\":\"Jardinera Rekkto JD01 Altura 60cm - Karmenn.com\",\"isPartOf\":{\"@id\":\"https:\/\/wizardly-goodall.5-250-191-207.plesk.page\/#website\"},\"primaryImageOfPage\":{\"@id\":\"https:\/\/wizardly-goodall.5-250-191-207.plesk.page\/tienda\/jardinera-rekkto-jd01-altura-60cm\/#primaryimage\"},\"image\":{\"@id\":\"https:\/\/wizardly-goodall.5-250-191-207.plesk.page\/tienda\/jardinera-rekkto-jd01-altura-60cm\/#primaryimage\"},\"thumbnailUrl\":\"https:\/\/wizardly-goodall.5-250-191-207.plesk.page\/wp-content\/uploads\/2023\/06\/JD01-NE-scaled.jpg\",\"datePublished\":\"2023-11-09T08:52:48+00:00\",\"dateModified\":\"2023-11-15T09:01:19+00:00\",\"breadcrumb\":{\"@id\":\"https:\/\/wizardly-goodall.5-250-191-207.plesk.page\/tienda\/jardinera-rekkto-jd01-altura-60cm\/#breadcrumb\"},\"inLanguage\":\"de-DE\",\"potentialAction\":[{\"@type\":\"ReadAction\",\"target\":[\"https:\/\/wizardly-goodall.5-250-191-207.plesk.page\/tienda\/jardinera-rekkto-jd01-altura-60cm\/\"]}]},{\"@type\":\"ImageObject\",\"inLanguage\":\"de-DE\",\"@id\":\"https:\/\/wizardly-goodall.5-250-191-207.plesk.page\/tienda\/jardinera-rekkto-jd01-altura-60cm\/#primaryimage\",\"url\":\"https:\/\/wizardly-goodall.5-250-191-207.plesk.page\/wp-content\/uploads\/2023\/06\/JD01-NE-scaled.jpg\",\"contentUrl\":\"https:\/\/wizardly-goodall.5-250-191-207.plesk.page\/wp-content\/uploads\/2023\/06\/JD01-NE-scaled.jpg\",\"width\":2560,\"height\":1438},{\"@type\":\"BreadcrumbList\",\"@id\":\"https:\/\/wizardly-goodall.5-250-191-207.plesk.page\/tienda\/jardinera-rekkto-jd01-altura-60cm\/#breadcrumb\",\"itemListElement\":[{\"@type\":\"ListItem\",\"position\":1,\"name\":\"Portada\",\"item\":\"https:\/\/wizardly-goodall.5-250-191-207.plesk.page\/\"},{\"@type\":\"ListItem\",\"position\":2,\"name\":\"Tienda\",\"item\":\"https:\/\/wizardly-goodall.5-250-191-207.plesk.page\/tienda\/\"},{\"@type\":\"ListItem\",\"position\":3,\"name\":\"Jardinera Rekkto JD01 Altura 60cm\"}]},{\"@type\":\"WebSite\",\"@id\":\"https:\/\/wizardly-goodall.5-250-191-207.plesk.page\/#website\",\"url\":\"https:\/\/wizardly-goodall.5-250-191-207.plesk.page\/\",\"name\":\"Karmenn.com\",\"description\":\"El fabricante de mobiliario y cocinas de exterior en HDPE que te hace la vida m\u00e1s f\u00e1cil\",\"publisher\":{\"@id\":\"https:\/\/wizardly-goodall.5-250-191-207.plesk.page\/#organization\"},\"potentialAction\":[{\"@type\":\"SearchAction\",\"target\":{\"@type\":\"EntryPoint\",\"urlTemplate\":\"https:\/\/wizardly-goodall.5-250-191-207.plesk.page\/?s={search_term_string}\"},\"query-input\":\"required name=search_term_string\"}],\"inLanguage\":\"de-DE\"},{\"@type\":\"Organization\",\"@id\":\"https:\/\/wizardly-goodall.5-250-191-207.plesk.page\/#organization\",\"name\":\"Karmenn.com\",\"url\":\"https:\/\/wizardly-goodall.5-250-191-207.plesk.page\/\",\"logo\":{\"@type\":\"ImageObject\",\"inLanguage\":\"de-DE\",\"@id\":\"https:\/\/wizardly-goodall.5-250-191-207.plesk.page\/#\/schema\/logo\/image\/\",\"url\":\"https:\/\/wizardly-goodall.5-250-191-207.plesk.page\/wp-content\/uploads\/2023\/07\/logo_karmenn_negro0.5x.png\",\"contentUrl\":\"https:\/\/wizardly-goodall.5-250-191-207.plesk.page\/wp-content\/uploads\/2023\/07\/logo_karmenn_negro0.5x.png\",\"width\":145,\"height\":83,\"caption\":\"Karmenn.com\"},\"image\":{\"@id\":\"https:\/\/wizardly-goodall.5-250-191-207.plesk.page\/#\/schema\/logo\/image\/\"}}]}<\/script>\n<!-- \/ Yoast SEO plugin. -->","yoast_head_json":{"title":"Jardinera Rekkto JD01 Altura 60cm - Karmenn.com","robots":{"index":"index","follow":"follow","max-snippet":"max-snippet:-1","max-image-preview":"max-image-preview:large","max-video-preview":"max-video-preview:-1"},"canonical":"https:\/\/wizardly-goodall.5-250-191-207.plesk.page\/de\/tienda\/jardinera-rekkto-jd01-altura-60cm\/","og_locale":"de_DE","og_type":"article","og_title":"Jardinera Rekkto JD01 Altura 60cm - Karmenn.com","og_description":"Jardinera Tipo X","og_url":"https:\/\/wizardly-goodall.5-250-191-207.plesk.page\/de\/tienda\/jardinera-rekkto-jd01-altura-60cm\/","og_site_name":"Karmenn.com","article_modified_time":"2023-11-15T09:01:19+00:00","og_image":[{"width":2560,"height":1438,"url":"https:\/\/wizardly-goodall.5-250-191-207.plesk.page\/wp-content\/uploads\/2023\/06\/JD01-NE-scaled.jpg","type":"image\/jpeg"}],"twitter_card":"summary_large_image","schema":{"@context":"https:\/\/schema.org","@graph":[{"@type":"WebPage","@id":"https:\/\/wizardly-goodall.5-250-191-207.plesk.page\/tienda\/jardinera-rekkto-jd01-altura-60cm\/","url":"https:\/\/wizardly-goodall.5-250-191-207.plesk.page\/tienda\/jardinera-rekkto-jd01-altura-60cm\/","name":"Jardinera Rekkto JD01 Altura 60cm - Karmenn.com","isPartOf":{"@id":"https:\/\/wizardly-goodall.5-250-191-207.plesk.page\/#website"},"primaryImageOfPage":{"@id":"https:\/\/wizardly-goodall.5-250-191-207.plesk.page\/tienda\/jardinera-rekkto-jd01-altura-60cm\/#primaryimage"},"image":{"@id":"https:\/\/wizardly-goodall.5-250-191-207.plesk.page\/tienda\/jardinera-rekkto-jd01-altura-60cm\/#primaryimage"},"thumbnailUrl":"https:\/\/wizardly-goodall.5-250-191-207.plesk.page\/wp-content\/uploads\/2023\/06\/JD01-NE-scaled.jpg","datePublished":"2023-11-09T08:52:48+00:00","dateModified":"2023-11-15T09:01:19+00:00","breadcrumb":{"@id":"https:\/\/wizardly-goodall.5-250-191-207.plesk.page\/tienda\/jardinera-rekkto-jd01-altura-60cm\/#breadcrumb"},"inLanguage":"de-DE","potentialAction":[{"@type":"ReadAction","target":["https:\/\/wizardly-goodall.5-250-191-207.plesk.page\/tienda\/jardinera-rekkto-jd01-altura-60cm\/"]}]},{"@type":"ImageObject","inLanguage":"de-DE","@id":"https:\/\/wizardly-goodall.5-250-191-207.plesk.page\/tienda\/jardinera-rekkto-jd01-altura-60cm\/#primaryimage","url":"https:\/\/wizardly-goodall.5-250-191-207.plesk.page\/wp-content\/uploads\/2023\/06\/JD01-NE-scaled.jpg","contentUrl":"https:\/\/wizardly-goodall.5-250-191-207.plesk.page\/wp-content\/uploads\/2023\/06\/JD01-NE-scaled.jpg","width":2560,"height":1438},{"@type":"BreadcrumbList","@id":"https:\/\/wizardly-goodall.5-250-191-207.plesk.page\/tienda\/jardinera-rekkto-jd01-altura-60cm\/#breadcrumb","itemListElement":[{"@type":"ListItem","position":1,"name":"Portada","item":"https:\/\/wizardly-goodall.5-250-191-207.plesk.page\/"},{"@type":"ListItem","position":2,"name":"Tienda","item":"https:\/\/wizardly-goodall.5-250-191-207.plesk.page\/tienda\/"},{"@type":"ListItem","position":3,"name":"Jardinera Rekkto JD01 Altura 60cm"}]},{"@type":"WebSite","@id":"https:\/\/wizardly-goodall.5-250-191-207.plesk.page\/#website","url":"https:\/\/wizardly-goodall.5-250-191-207.plesk.page\/","name":"Karmenn.com","description":"El fabricante de mobiliario y cocinas de exterior en HDPE que te hace la vida m\u00e1s f\u00e1cil","publisher":{"@id":"https:\/\/wizardly-goodall.5-250-191-207.plesk.page\/#organization"},"potentialAction":[{"@type":"SearchAction","target":{"@type":"EntryPoint","urlTemplate":"https:\/\/wizardly-goodall.5-250-191-207.plesk.page\/?s={search_term_string}"},"query-input":"required name=search_term_string"}],"inLanguage":"de-DE"},{"@type":"Organization","@id":"https:\/\/wizardly-goodall.5-250-191-207.plesk.page\/#organization","name":"Karmenn.com","url":"https:\/\/wizardly-goodall.5-250-191-207.plesk.page\/","logo":{"@type":"ImageObject","inLanguage":"de-DE","@id":"https:\/\/wizardly-goodall.5-250-191-207.plesk.page\/#\/schema\/logo\/image\/","url":"https:\/\/wizardly-goodall.5-250-191-207.plesk.page\/wp-content\/uploads\/2023\/07\/logo_karmenn_negro0.5x.png","contentUrl":"https:\/\/wizardly-goodall.5-250-191-207.plesk.page\/wp-content\/uploads\/2023\/07\/logo_karmenn_negro0.5x.png","width":145,"height":83,"caption":"Karmenn.com"},"image":{"@id":"https:\/\/wizardly-goodall.5-250-191-207.plesk.page\/#\/schema\/logo\/image\/"}}]}},"jetpack_sharing_enabled":true,"_links":{"self":[{"href":"https:\/\/wizardly-goodall.5-250-191-207.plesk.page\/de\/wp-json\/wp\/v2\/product\/10922"}],"collection":[{"href":"https:\/\/wizardly-goodall.5-250-191-207.plesk.page\/de\/wp-json\/wp\/v2\/product"}],"about":[{"href":"https:\/\/wizardly-goodall.5-250-191-207.plesk.page\/de\/wp-json\/wp\/v2\/types\/product"}],"wp:featuredmedia":[{"embeddable":true,"href":"https:\/\/wizardly-goodall.5-250-191-207.plesk.page\/de\/wp-json\/wp\/v2\/media\/9761"}],"wp:attachment":[{"href":"https:\/\/wizardly-goodall.5-250-191-207.plesk.page\/de\/wp-json\/wp\/v2\/media?parent=10922"}],"wp:term":[{"taxonomy":"product_cat","embeddable":true,"href":"https:\/\/wizardly-goodall.5-250-191-207.plesk.page\/de\/wp-json\/wp\/v2\/product_cat?post=10922"},{"taxonomy":"product_tag","embeddable":true,"href":"https:\/\/wizardly-goodall.5-250-191-207.plesk.page\/de\/wp-json\/wp\/v2\/product_tag?post=10922"}],"curies":[{"name":"wp","href":"https:\/\/api.w.org\/{rel}","templated":true}]}}