{"id":2231,"date":"2022-05-25T09:21:05","date_gmt":"2022-05-25T09:21:05","guid":{"rendered":"https:\/\/karmenn.com\/?page_id=2231"},"modified":"2022-07-13T12:45:21","modified_gmt":"2022-07-13T12:45:21","slug":"aviso-legal","status":"publish","type":"page","link":"https:\/\/wizardly-goodall.5-250-191-207.plesk.page\/de\/rechtshinweis\/","title":{"rendered":"Rechtlicher Hinweis"},"content":{"rendered":"<h1 class=\"wp-block-heading\"><strong>ALLGEMEINE BEDINGUNGEN F\u00dcR DEN ZUGANG UND DIE NUTZUNG DER WEBSITE KARMENN.COM<\/strong><\/h1>\n\n\n\n<p>Die Website www.karmenn.com ist Eigentum von Plastymed Technical Plastic, Sociedad Limitada (im Folgenden \"Karmenn\"), mit der Meldeanschrift Calle Melilla S\/N, 30500 Murcia, CIF-Nr. B05547799, und der E-Mail-Adresse info@plastymed.com, und bietet Informationen \u00fcber ihre Aktivit\u00e4ten und\/oder Dienstleistungen.<\/p>\n\n\n\n<p>Der Zugang zu und die Nutzung der Website verleiht dem Nutzer den Status \"Nutzer\" und setzt die vollst\u00e4ndige, ausdr\u00fcckliche und uneingeschr\u00e4nkte Annahme der vorliegenden allgemeinen Bedingungen voraus, die zum Zeitpunkt des Zugangs gelten. Wenn der Nutzer diese Nutzungsbedingungen nicht vollst\u00e4ndig versteht oder mit ihnen nicht einverstanden ist, muss er von der Nutzung und Bedienung dieser Website Abstand nehmen. Die vorliegenden allgemeinen Gesch\u00e4ftsbedingungen regeln einzig und allein die Nutzung der Karmenn-Website durch Nutzer, die auf www.karmenn.com zugreifen und\/oder dort surfen. Diese allgemeinen Gesch\u00e4ftsbedingungen werden auf jeder Seite der Website karmenn.com angezeigt, so dass die Nutzer sie lesen, ausdrucken und speichern k\u00f6nnen.<\/p>\n\n\n\n<p><strong>ERSTENS: ZUGANGS- UND NUTZUNGSBEDINGUNGEN.<\/strong><\/p>\n\n\n\n<p>Die Nutzung der Website von Karmenn ist kostenlos und erfordert keine vorherige Registrierung des Nutzers. In den F\u00e4llen, in denen der Zugang und\/oder die Nutzung bestimmter Dienste und\/oder Inhalte eine Registrierung oder ein Abonnement des Nutzers erfordern, ist es erforderlich, dass dieser zuvor die entsprechende Datenschutzpolitik und die spezifischen allgemeinen Bedingungen akzeptiert, da der Zugang ohne eine solche Akzeptanz nicht m\u00f6glich ist.<\/p>\n\n\n\n<p>Die Bedingungen f\u00fcr den Zugang und die Nutzung dieser Website unterliegen streng den geltenden Rechtsvorschriften und dem Grundsatz von Treu und Glauben, und der Nutzer verpflichtet sich, die Website ordnungsgem\u00e4\u00df zu nutzen. Alle Handlungen, die die Rechte oder Interessen Dritter (Recht auf Privatsph\u00e4re, Datenschutz, geistiges Eigentum usw.) oder die geltenden Rechtsvorschriften verletzen, sind verboten.<\/p>\n\n\n\n<p>Karmenn verbietet dies ausdr\u00fccklich:&nbsp;<\/p>\n\n\n\n<ul><li>Handlungen vorzunehmen, die auf der Website oder durch sie, mit welchen Mitteln auch immer, irgendeine Art von Schaden an den Systemen von Karmenn oder an Dritten verursachen k\u00f6nnen.<\/li><li>Ohne die erforderliche Genehmigung jede Art von Werbung oder kommerzieller Information direkt oder verdeckt durchzuf\u00fchren, das Versenden von Massensendungen (\"Spamming\") oder das Versenden gro\u00dfer Nachrichten mit dem Ziel, Netzserver zu blockieren (\"Mailbombing\").<\/li><\/ul>\n\n\n\n<p>Der Nutzer verpflichtet sich, weder die Website noch den Inhalt oder die darin angebotenen Informationen und\/oder Dienstleistungen f\u00fcr rechtswidrige Handlungen zu nutzen und die vorliegenden allgemeinen Bedingungen jederzeit einzuhalten.<\/p>\n\n\n\n<p>Karmenn kann den Zugang zu seiner Website jederzeit sperren, wenn es eine Nutzung feststellt, die gegen das Gesetz, Treu und Glauben oder diese allgemeinen Gesch\u00e4ftsbedingungen verst\u00f6\u00dft.<\/p>\n\n\n\n<p><strong>ZWEITENS - INHALT.<\/strong><\/p>\n\n\n\n<p>Die auf dieser Website enthaltenen Inhalte wurden von Karmenn unter Verwendung interner und externer Quellen entwickelt und aufgenommen, so dass Karmenn nur f\u00fcr die intern entwickelten Inhalte verantwortlich ist.<\/p>\n\n\n\n<p>Karmenn beh\u00e4lt sich das Recht vor, den Inhalt seiner Website jederzeit zu \u00e4ndern. Karmenn garantiert nicht und ist nicht verantwortlich f\u00fcr das ordnungsgem\u00e4\u00dfe Funktionieren von Links zu Websites Dritter auf karmenn.com.<\/p>\n\n\n\n<p>Dar\u00fcber hinaus k\u00f6nnen den Nutzern \u00fcber die Website karmenn.com kostenlose und\/oder kostenpflichtige Dienste von Dritten zur Verf\u00fcgung gestellt werden, f\u00fcr die die jeweiligen Bedingungen dieser Dienste gelten. Karmenn garantiert in keinem Fall den Wahrheitsgehalt, die Genauigkeit oder die Aktualit\u00e4t der von Dritten angebotenen Inhalte und Dienste und ist ausdr\u00fccklich von jeglicher Haftung f\u00fcr Sch\u00e4den, die aus der mangelnden Genauigkeit dieser Inhalte und Dienste entstehen k\u00f6nnen, befreit.<\/p>\n\n\n\n<p><strong>DRITTENS: VERANTWORTUNG.<\/strong><\/p>\n\n\n\n<p>Karmenn ist in keinem Fall haftbar f\u00fcr:&nbsp;<\/p>\n\n\n\n<ul><li>St\u00f6rungen und Vorf\u00e4lle, die in der Kommunikation, L\u00f6schung oder unvollst\u00e4ndige \u00dcbertragungen auftreten k\u00f6nnen, so dass es keine Garantie daf\u00fcr gibt, dass die Dienste der Website st\u00e4ndig betriebsbereit sind.<\/li><li>F\u00fcr die Behebung von Sch\u00e4den jeglicher Art, die Nutzer oder Dritte an der Website verursachen k\u00f6nnen.<\/li><li>F\u00fcr die Zuverl\u00e4ssigkeit und Richtigkeit der Informationen, die von Dritten direkt oder \u00fcber Links auf der Website ver\u00f6ffentlicht werden.<\/li><\/ul>\n\n\n\n<p>Karmenn beh\u00e4lt sich das Recht vor, den Zugang ohne Vorank\u00fcndigung nach eigenem Ermessen dauerhaft oder vor\u00fcbergehend zu sperren, bis eine wirksame Haftung f\u00fcr eventuell auftretende Sch\u00e4den sichergestellt ist.<\/p>\n\n\n\n<p>Karmenn wird mit den zust\u00e4ndigen Beh\u00f6rden zusammenarbeiten und diese \u00fcber die genannten Vorf\u00e4lle informieren, sobald es verl\u00e4ssliche Erkenntnisse dar\u00fcber hat, dass der verursachte Schaden eine illegale Handlung irgendeiner Art darstellt.<\/p>\n\n\n\n<p><strong>VIERTENS - URHEBERRECHT UND WARENZEICHEN<\/strong><\/p>\n\n\n\n<p>KARMENN DESIGN ist ein eingetragenes Warenzeichen. Die Verwendung der Marke KARMENN DESIGN, sowohl des Namens als auch des Logos, durch Dritte ist ohne ausdr\u00fcckliche Zustimmung von Karmenn untersagt. Alle Rechte vorbehalten.<\/p>\n\n\n\n<p>Ebenso sind der Inhalt, die Programmierung und das Design der Website karmenn.com in vollem Umfang urheberrechtlich gesch\u00fctzt, und jede Vervielf\u00e4ltigung, Weitergabe, Verbreitung und Umgestaltung der genannten gesch\u00fctzten Elemente ist ausdr\u00fccklich verboten, es sei denn, es liegt eine ausdr\u00fcckliche Zustimmung von Karmenn vor.<\/p>\n\n\n\n<p>Karmenn kann f\u00fcr die Ausarbeitung seiner Inhalte externe Quellen nutzen und Links oder Hyperlinks zu Artikeln oder Informationen von Dritten einrichten, wobei stets die Quelle angegeben wird. Der rechtm\u00e4\u00dfige Inhaber des Urheberrechts an den auf diese Weise aufgenommenen Informationen kann jederzeit die Entfernung dieser Inhalte verlangen.<\/p>\n\n\n\n<p>Sowohl grafisches als auch schriftliches Material, das von den Nutzern \u00fcber die auf der Website zur Verf\u00fcgung gestellten Mittel verschickt wird, ist Eigentum des Nutzers, der mit der \u00dcbersendung seine rechtm\u00e4\u00dfige Urheberschaft best\u00e4tigt und Karmenn die Rechte zur Vervielf\u00e4ltigung und Verbreitung \u00fcbertr\u00e4gt.<\/p>\n\n\n\n<p><strong>F\u00dcNFTES - ZUST\u00c4NDIGKEIT UND ANWENDBARES RECHT<\/strong><\/p>\n\n\n\n<p>Die vorliegenden allgemeinen Bedingungen unterliegen dem spanischen Recht. Die Gerichte von Murcia sind zust\u00e4ndig f\u00fcr die L\u00f6sung von Streitigkeiten oder Konflikten, die sich aus diesen allgemeinen Bedingungen ergeben, und der Benutzer verzichtet ausdr\u00fccklich auf jede andere Gerichtsbarkeit, die ihm\/ihr entsprechen k\u00f6nnte.<\/p>\n\n\n\n<p><strong>SECHSTENS: VERSCHIEDENES.<\/strong><\/p>\n\n\n\n<p>Sollte eine Bestimmung des vorliegenden Dokuments f\u00fcr ung\u00fcltig erkl\u00e4rt werden, bleiben die \u00fcbrigen Bestimmungen in Kraft und sind unter Ber\u00fccksichtigung des Willens der Parteien und des Zwecks dieser Bedingungen auszulegen. Karmenn ist nicht berechtigt, von den in diesem Dokument gew\u00e4hrten Rechten und Befugnissen Gebrauch zu machen, was in keinem Fall einen Verzicht auf diese Rechte und Befugnisse bedeutet, es sei denn, dies wird von Karmenn ausdr\u00fccklich anerkannt.<\/p>","protected":false},"excerpt":{"rendered":"<p>CONDICIONES GENERALES DE ACCESO Y USO DEL SITIO WEB KARMENN.COM El sitio web www.karmenn.com es propiedad de Plastymed Technical Plastic, Sociedad Limitada (en adelante, Karmenn), con domicilio a efectos de notificaciones en Calle Melilla S\/N, 30500 Murcia, CIF n\u00fam. B05547799, y direcci\u00f3n de correo electr\u00f3nico info@plastymed.com, y a trav\u00e9s del mismo se proporciona informaci\u00f3n sobre [&hellip;]<\/p>","protected":false},"author":1,"featured_media":0,"parent":0,"menu_order":0,"comment_status":"closed","ping_status":"closed","template":"","meta":{"footnotes":"","_joinchat":[]},"yoast_head":"<!-- This site is optimized with the Yoast SEO plugin v22.5 - https:\/\/yoast.com\/wordpress\/plugins\/seo\/ -->\n<title>Aviso legal - Karmenn.com<\/title>\n<meta name=\"robots\" content=\"index, follow, max-snippet:-1, max-image-preview:large, max-video-preview:-1\" \/>\n<link rel=\"canonical\" href=\"https:\/\/wizardly-goodall.5-250-191-207.plesk.page\/de\/rechtshinweis\/\" \/>\n<meta property=\"og:locale\" content=\"de_DE\" \/>\n<meta property=\"og:type\" content=\"article\" \/>\n<meta property=\"og:title\" content=\"Aviso legal - Karmenn.com\" \/>\n<meta property=\"og:description\" content=\"CONDICIONES GENERALES DE ACCESO Y USO DEL SITIO WEB KARMENN.COM El sitio web www.karmenn.com es propiedad de Plastymed Technical Plastic, Sociedad Limitada (en adelante, Karmenn), con domicilio a efectos de notificaciones en Calle Melilla S\/N, 30500 Murcia, CIF n\u00fam. B05547799, y direcci\u00f3n de correo electr\u00f3nico info@plastymed.com, y a trav\u00e9s del mismo se proporciona informaci\u00f3n sobre [&hellip;]\" \/>\n<meta property=\"og:url\" content=\"https:\/\/wizardly-goodall.5-250-191-207.plesk.page\/de\/rechtshinweis\/\" \/>\n<meta property=\"og:site_name\" content=\"Karmenn.com\" \/>\n<meta property=\"article:modified_time\" content=\"2022-07-13T12:45:21+00:00\" \/>\n<meta name=\"twitter:card\" content=\"summary_large_image\" \/>\n<script type=\"application\/ld+json\" class=\"yoast-schema-graph\">{\"@context\":\"https:\/\/schema.org\",\"@graph\":[{\"@type\":\"WebPage\",\"@id\":\"https:\/\/wizardly-goodall.5-250-191-207.plesk.page\/aviso-legal\/\",\"url\":\"https:\/\/wizardly-goodall.5-250-191-207.plesk.page\/aviso-legal\/\",\"name\":\"Aviso legal - Karmenn.com\",\"isPartOf\":{\"@id\":\"https:\/\/wizardly-goodall.5-250-191-207.plesk.page\/#website\"},\"datePublished\":\"2022-05-25T09:21:05+00:00\",\"dateModified\":\"2022-07-13T12:45:21+00:00\",\"breadcrumb\":{\"@id\":\"https:\/\/wizardly-goodall.5-250-191-207.plesk.page\/aviso-legal\/#breadcrumb\"},\"inLanguage\":\"de-DE\",\"potentialAction\":[{\"@type\":\"ReadAction\",\"target\":[\"https:\/\/wizardly-goodall.5-250-191-207.plesk.page\/aviso-legal\/\"]}]},{\"@type\":\"BreadcrumbList\",\"@id\":\"https:\/\/wizardly-goodall.5-250-191-207.plesk.page\/aviso-legal\/#breadcrumb\",\"itemListElement\":[{\"@type\":\"ListItem\",\"position\":1,\"name\":\"Portada\",\"item\":\"https:\/\/wizardly-goodall.5-250-191-207.plesk.page\/\"},{\"@type\":\"ListItem\",\"position\":2,\"name\":\"Aviso legal\"}]},{\"@type\":\"WebSite\",\"@id\":\"https:\/\/wizardly-goodall.5-250-191-207.plesk.page\/#website\",\"url\":\"https:\/\/wizardly-goodall.5-250-191-207.plesk.page\/\",\"name\":\"Karmenn.com\",\"description\":\"El fabricante de mobiliario y cocinas de exterior en HDPE que te hace la vida m\u00e1s f\u00e1cil\",\"publisher\":{\"@id\":\"https:\/\/wizardly-goodall.5-250-191-207.plesk.page\/#organization\"},\"potentialAction\":[{\"@type\":\"SearchAction\",\"target\":{\"@type\":\"EntryPoint\",\"urlTemplate\":\"https:\/\/wizardly-goodall.5-250-191-207.plesk.page\/?s={search_term_string}\"},\"query-input\":\"required name=search_term_string\"}],\"inLanguage\":\"de-DE\"},{\"@type\":\"Organization\",\"@id\":\"https:\/\/wizardly-goodall.5-250-191-207.plesk.page\/#organization\",\"name\":\"Karmenn.com\",\"url\":\"https:\/\/wizardly-goodall.5-250-191-207.plesk.page\/\",\"logo\":{\"@type\":\"ImageObject\",\"inLanguage\":\"de-DE\",\"@id\":\"https:\/\/wizardly-goodall.5-250-191-207.plesk.page\/#\/schema\/logo\/image\/\",\"url\":\"https:\/\/wizardly-goodall.5-250-191-207.plesk.page\/wp-content\/uploads\/2023\/07\/logo_karmenn_negro0.5x.png\",\"contentUrl\":\"https:\/\/wizardly-goodall.5-250-191-207.plesk.page\/wp-content\/uploads\/2023\/07\/logo_karmenn_negro0.5x.png\",\"width\":145,\"height\":83,\"caption\":\"Karmenn.com\"},\"image\":{\"@id\":\"https:\/\/wizardly-goodall.5-250-191-207.plesk.page\/#\/schema\/logo\/image\/\"}}]}<\/script>\n<!-- \/ Yoast SEO plugin. -->","yoast_head_json":{"title":"Aviso legal - Karmenn.com","robots":{"index":"index","follow":"follow","max-snippet":"max-snippet:-1","max-image-preview":"max-image-preview:large","max-video-preview":"max-video-preview:-1"},"canonical":"https:\/\/wizardly-goodall.5-250-191-207.plesk.page\/de\/rechtshinweis\/","og_locale":"de_DE","og_type":"article","og_title":"Aviso legal - Karmenn.com","og_description":"CONDICIONES GENERALES DE ACCESO Y USO DEL SITIO WEB KARMENN.COM El sitio web www.karmenn.com es propiedad de Plastymed Technical Plastic, Sociedad Limitada (en adelante, Karmenn), con domicilio a efectos de notificaciones en Calle Melilla S\/N, 30500 Murcia, CIF n\u00fam. B05547799, y direcci\u00f3n de correo electr\u00f3nico info@plastymed.com, y a trav\u00e9s del mismo se proporciona informaci\u00f3n sobre [&hellip;]","og_url":"https:\/\/wizardly-goodall.5-250-191-207.plesk.page\/de\/rechtshinweis\/","og_site_name":"Karmenn.com","article_modified_time":"2022-07-13T12:45:21+00:00","twitter_card":"summary_large_image","schema":{"@context":"https:\/\/schema.org","@graph":[{"@type":"WebPage","@id":"https:\/\/wizardly-goodall.5-250-191-207.plesk.page\/aviso-legal\/","url":"https:\/\/wizardly-goodall.5-250-191-207.plesk.page\/aviso-legal\/","name":"Aviso legal - Karmenn.com","isPartOf":{"@id":"https:\/\/wizardly-goodall.5-250-191-207.plesk.page\/#website"},"datePublished":"2022-05-25T09:21:05+00:00","dateModified":"2022-07-13T12:45:21+00:00","breadcrumb":{"@id":"https:\/\/wizardly-goodall.5-250-191-207.plesk.page\/aviso-legal\/#breadcrumb"},"inLanguage":"de-DE","potentialAction":[{"@type":"ReadAction","target":["https:\/\/wizardly-goodall.5-250-191-207.plesk.page\/aviso-legal\/"]}]},{"@type":"BreadcrumbList","@id":"https:\/\/wizardly-goodall.5-250-191-207.plesk.page\/aviso-legal\/#breadcrumb","itemListElement":[{"@type":"ListItem","position":1,"name":"Portada","item":"https:\/\/wizardly-goodall.5-250-191-207.plesk.page\/"},{"@type":"ListItem","position":2,"name":"Aviso legal"}]},{"@type":"WebSite","@id":"https:\/\/wizardly-goodall.5-250-191-207.plesk.page\/#website","url":"https:\/\/wizardly-goodall.5-250-191-207.plesk.page\/","name":"Karmenn.com","description":"El fabricante de mobiliario y cocinas de exterior en HDPE que te hace la vida m\u00e1s f\u00e1cil","publisher":{"@id":"https:\/\/wizardly-goodall.5-250-191-207.plesk.page\/#organization"},"potentialAction":[{"@type":"SearchAction","target":{"@type":"EntryPoint","urlTemplate":"https:\/\/wizardly-goodall.5-250-191-207.plesk.page\/?s={search_term_string}"},"query-input":"required name=search_term_string"}],"inLanguage":"de-DE"},{"@type":"Organization","@id":"https:\/\/wizardly-goodall.5-250-191-207.plesk.page\/#organization","name":"Karmenn.com","url":"https:\/\/wizardly-goodall.5-250-191-207.plesk.page\/","logo":{"@type":"ImageObject","inLanguage":"de-DE","@id":"https:\/\/wizardly-goodall.5-250-191-207.plesk.page\/#\/schema\/logo\/image\/","url":"https:\/\/wizardly-goodall.5-250-191-207.plesk.page\/wp-content\/uploads\/2023\/07\/logo_karmenn_negro0.5x.png","contentUrl":"https:\/\/wizardly-goodall.5-250-191-207.plesk.page\/wp-content\/uploads\/2023\/07\/logo_karmenn_negro0.5x.png","width":145,"height":83,"caption":"Karmenn.com"},"image":{"@id":"https:\/\/wizardly-goodall.5-250-191-207.plesk.page\/#\/schema\/logo\/image\/"}}]}},"jetpack_sharing_enabled":true,"_links":{"self":[{"href":"https:\/\/wizardly-goodall.5-250-191-207.plesk.page\/de\/wp-json\/wp\/v2\/pages\/2231"}],"collection":[{"href":"https:\/\/wizardly-goodall.5-250-191-207.plesk.page\/de\/wp-json\/wp\/v2\/pages"}],"about":[{"href":"https:\/\/wizardly-goodall.5-250-191-207.plesk.page\/de\/wp-json\/wp\/v2\/types\/page"}],"author":[{"embeddable":true,"href":"https:\/\/wizardly-goodall.5-250-191-207.plesk.page\/de\/wp-json\/wp\/v2\/users\/1"}],"replies":[{"embeddable":true,"href":"https:\/\/wizardly-goodall.5-250-191-207.plesk.page\/de\/wp-json\/wp\/v2\/comments?post=2231"}],"version-history":[{"count":2,"href":"https:\/\/wizardly-goodall.5-250-191-207.plesk.page\/de\/wp-json\/wp\/v2\/pages\/2231\/revisions"}],"predecessor-version":[{"id":2233,"href":"https:\/\/wizardly-goodall.5-250-191-207.plesk.page\/de\/wp-json\/wp\/v2\/pages\/2231\/revisions\/2233"}],"wp:attachment":[{"href":"https:\/\/wizardly-goodall.5-250-191-207.plesk.page\/de\/wp-json\/wp\/v2\/media?parent=2231"}],"curies":[{"name":"wp","href":"https:\/\/api.w.org\/{rel}","templated":true}]}}